{"id":39669,"date":"2025-08-06T16:00:08","date_gmt":"2025-08-06T22:00:08","guid":{"rendered":"https:\/\/mauhe.com\/?post_type=product&#038;p=39669"},"modified":"2025-12-31T16:18:50","modified_gmt":"2025-12-31T22:18:50","slug":"anteaox-blueberry-acai-0-azucar-zaate","status":"publish","type":"product","link":"https:\/\/mauhe.com\/en\/product\/anteaox-blueberry-acai-0-azucar-zaate\/","title":{"rendered":"Anteaox Blueberry A\u00e7a\u00ed 0% Az\u00facar &#8211; Zaat\u00e9"},"content":{"rendered":"","protected":false},"excerpt":{"rendered":"<p>Inspirado en los sabores del bosque y la tradici\u00f3n sudamericana, el delicioso Zaat\u00e9 Anteaox Blueberry A\u00e7a\u00ed 0% Az\u00facar combina el toque frutal del blueberry con el a\u00e7a\u00ed, una poderosa fruta ancestral rica en antioxidantes. Esta mezcla de t\u00e9 negro se enriquece con toronjil, que promueve la relajaci\u00f3n, y ch\u00eda, fuente natural de fibra, prote\u00edna y omega 3. Disfr\u00fatalo fr\u00edo o caliente, con un sabor refrescante que lo hace ideal para cualquier momento del d\u00eda. Sin az\u00facar a\u00f1adida y f\u00e1cil de preparar, es perfecto para disfrutar solo o en familia. Viene en presentaci\u00f3n de 700g y rinde hasta 70 vasos. Una bebida rica en beneficios, \u00a1y en sabor!<\/p>","protected":false},"featured_media":39670,"comment_status":"closed","ping_status":"closed","template":"","meta":[],"product_brand":[],"product_cat":[131,98,15,110],"product_tag":[],"class_list":{"0":"post-39669","1":"product","2":"type-product","3":"status-publish","4":"has-post-thumbnail","6":"product_cat-nuevo","7":"product_cat-polvo","8":"product_cat-te-tisana","9":"product_cat-zaate","11":"first","12":"instock","13":"purchasable","14":"product-type-simple"},"yoast_head":"<!-- This site is optimized with the Yoast SEO plugin v26.5 - https:\/\/yoast.com\/wordpress\/plugins\/seo\/ -->\n<title>Anteaox Blueberry A\u00e7a\u00ed 0% Az\u00facar - Zaat\u00e9 | Mauh\u00e9<\/title>\n<meta name=\"robots\" content=\"index, follow, max-snippet:-1, max-image-preview:large, max-video-preview:-1\" \/>\n<link rel=\"canonical\" href=\"https:\/\/mauhe.com\/en\/product\/anteaox-blueberry-acai-0-azucar-zaate\/\" \/>\n<meta property=\"og:locale\" content=\"en_US\" \/>\n<meta property=\"og:type\" content=\"article\" \/>\n<meta property=\"og:title\" content=\"Anteaox Blueberry A\u00e7a\u00ed 0% Az\u00facar - Zaat\u00e9 | Mauh\u00e9\" \/>\n<meta property=\"og:description\" content=\"Inspirado en los sabores del bosque y la tradici\u00f3n sudamericana, el delicioso Zaat\u00e9 Anteaox Blueberry A\u00e7a\u00ed 0% Az\u00facar combina el toque frutal del blueberry con el a\u00e7a\u00ed, una poderosa fruta ancestral rica en antioxidantes. Esta mezcla de t\u00e9 negro se enriquece con toronjil, que promueve la relajaci\u00f3n, y ch\u00eda, fuente natural de fibra, prote\u00edna y omega 3. Disfr\u00fatalo fr\u00edo o caliente, con un sabor refrescante que lo hace ideal para cualquier momento del d\u00eda. Sin az\u00facar a\u00f1adida y f\u00e1cil de preparar, es perfecto para disfrutar solo o en familia. Viene en presentaci\u00f3n de 700g y rinde hasta 70 vasos. Una bebida rica en beneficios, \u00a1y en sabor!\" \/>\n<meta property=\"og:url\" content=\"https:\/\/mauhe.com\/en\/product\/anteaox-blueberry-acai-0-azucar-zaate\/\" \/>\n<meta property=\"og:site_name\" content=\"Mauh\u00e9\" \/>\n<meta property=\"article:modified_time\" content=\"2025-12-31T22:18:50+00:00\" \/>\n<meta property=\"og:image\" content=\"https:\/\/mauhe.com\/wp-content\/uploads\/2025\/08\/ALI_ZAATE_ANTEAOX_0AZUCAR_TENEGRO-BLUEBERRY-ACAI_BOLSA-700g_FRENTE-1-scaled.jpg\" \/>\n\t<meta property=\"og:image:width\" content=\"2560\" \/>\n\t<meta property=\"og:image:height\" content=\"2560\" \/>\n\t<meta property=\"og:image:type\" content=\"image\/jpeg\" \/>\n<meta name=\"twitter:card\" content=\"summary_large_image\" \/>\n<meta name=\"twitter:label1\" content=\"Est. reading time\" \/>\n\t<meta name=\"twitter:data1\" content=\"1 minute\" \/>\n<script type=\"application\/ld+json\" class=\"yoast-schema-graph\">{\"@context\":\"https:\/\/schema.org\",\"@graph\":[{\"@type\":\"WebPage\",\"@id\":\"https:\/\/mauhe.com\/producto\/anteaox-blueberry-acai-0-azucar-zaate\/\",\"url\":\"https:\/\/mauhe.com\/producto\/anteaox-blueberry-acai-0-azucar-zaate\/\",\"name\":\"Anteaox Blueberry A\u00e7a\u00ed 0% Az\u00facar - Zaat\u00e9 | Mauh\u00e9\",\"isPartOf\":{\"@id\":\"https:\/\/mauhe.com\/#website\"},\"primaryImageOfPage\":{\"@id\":\"https:\/\/mauhe.com\/producto\/anteaox-blueberry-acai-0-azucar-zaate\/#primaryimage\"},\"image\":{\"@id\":\"https:\/\/mauhe.com\/producto\/anteaox-blueberry-acai-0-azucar-zaate\/#primaryimage\"},\"thumbnailUrl\":\"https:\/\/mauhe.com\/wp-content\/uploads\/2025\/08\/ALI_ZAATE_ANTEAOX_0AZUCAR_TENEGRO-BLUEBERRY-ACAI_BOLSA-700g_FRENTE-1-scaled.jpg\",\"datePublished\":\"2025-08-06T22:00:08+00:00\",\"dateModified\":\"2025-12-31T22:18:50+00:00\",\"breadcrumb\":{\"@id\":\"https:\/\/mauhe.com\/producto\/anteaox-blueberry-acai-0-azucar-zaate\/#breadcrumb\"},\"inLanguage\":\"en-US\",\"potentialAction\":[{\"@type\":\"ReadAction\",\"target\":[\"https:\/\/mauhe.com\/producto\/anteaox-blueberry-acai-0-azucar-zaate\/\"]}]},{\"@type\":\"ImageObject\",\"inLanguage\":\"en-US\",\"@id\":\"https:\/\/mauhe.com\/producto\/anteaox-blueberry-acai-0-azucar-zaate\/#primaryimage\",\"url\":\"https:\/\/mauhe.com\/wp-content\/uploads\/2025\/08\/ALI_ZAATE_ANTEAOX_0AZUCAR_TENEGRO-BLUEBERRY-ACAI_BOLSA-700g_FRENTE-1-scaled.jpg\",\"contentUrl\":\"https:\/\/mauhe.com\/wp-content\/uploads\/2025\/08\/ALI_ZAATE_ANTEAOX_0AZUCAR_TENEGRO-BLUEBERRY-ACAI_BOLSA-700g_FRENTE-1-scaled.jpg\",\"width\":2560,\"height\":2560,\"caption\":\"Pouch Bag Packaging Mockup by Anthony Boyd Graphics\"},{\"@type\":\"BreadcrumbList\",\"@id\":\"https:\/\/mauhe.com\/producto\/anteaox-blueberry-acai-0-azucar-zaate\/#breadcrumb\",\"itemListElement\":[{\"@type\":\"ListItem\",\"position\":1,\"name\":\"Inicio\",\"item\":\"https:\/\/mauhe.com\/\"},{\"@type\":\"ListItem\",\"position\":2,\"name\":\"Tienda WEB\",\"item\":\"https:\/\/mauhe.com\/tienda-web\/\"},{\"@type\":\"ListItem\",\"position\":3,\"name\":\"Anteaox Blueberry A\u00e7a\u00ed 0% Az\u00facar &#8211; Zaat\u00e9\"}]},{\"@type\":\"WebSite\",\"@id\":\"https:\/\/mauhe.com\/#website\",\"url\":\"https:\/\/mauhe.com\/\",\"name\":\"Mauh\u00e9\",\"description\":\"MauheStore\",\"publisher\":{\"@id\":\"https:\/\/mauhe.com\/#organization\"},\"potentialAction\":[{\"@type\":\"SearchAction\",\"target\":{\"@type\":\"EntryPoint\",\"urlTemplate\":\"https:\/\/mauhe.com\/?s={search_term_string}\"},\"query-input\":{\"@type\":\"PropertyValueSpecification\",\"valueRequired\":true,\"valueName\":\"search_term_string\"}}],\"inLanguage\":\"en-US\"},{\"@type\":\"Organization\",\"@id\":\"https:\/\/mauhe.com\/#organization\",\"name\":\"Mauh\u00e9\",\"url\":\"https:\/\/mauhe.com\/\",\"logo\":{\"@type\":\"ImageObject\",\"inLanguage\":\"en-US\",\"@id\":\"https:\/\/mauhe.com\/#\/schema\/logo\/image\/\",\"url\":\"http:\/\/mauhe.com\/wp-content\/uploads\/2022\/02\/logo-factura2.png\",\"contentUrl\":\"http:\/\/mauhe.com\/wp-content\/uploads\/2022\/02\/logo-factura2.png\",\"width\":652,\"height\":284,\"caption\":\"Mauh\u00e9\"},\"image\":{\"@id\":\"https:\/\/mauhe.com\/#\/schema\/logo\/image\/\"}}]}<\/script>\n<!-- \/ Yoast SEO plugin. -->","yoast_head_json":{"title":"Anteaox Blueberry A\u00e7a\u00ed 0% Az\u00facar - Zaat\u00e9 | Mauh\u00e9","robots":{"index":"index","follow":"follow","max-snippet":"max-snippet:-1","max-image-preview":"max-image-preview:large","max-video-preview":"max-video-preview:-1"},"canonical":"https:\/\/mauhe.com\/en\/product\/anteaox-blueberry-acai-0-azucar-zaate\/","og_locale":"en_US","og_type":"article","og_title":"Anteaox Blueberry A\u00e7a\u00ed 0% Az\u00facar - Zaat\u00e9 | Mauh\u00e9","og_description":"Inspirado en los sabores del bosque y la tradici\u00f3n sudamericana, el delicioso Zaat\u00e9 Anteaox Blueberry A\u00e7a\u00ed 0% Az\u00facar combina el toque frutal del blueberry con el a\u00e7a\u00ed, una poderosa fruta ancestral rica en antioxidantes. Esta mezcla de t\u00e9 negro se enriquece con toronjil, que promueve la relajaci\u00f3n, y ch\u00eda, fuente natural de fibra, prote\u00edna y omega 3. Disfr\u00fatalo fr\u00edo o caliente, con un sabor refrescante que lo hace ideal para cualquier momento del d\u00eda. Sin az\u00facar a\u00f1adida y f\u00e1cil de preparar, es perfecto para disfrutar solo o en familia. Viene en presentaci\u00f3n de 700g y rinde hasta 70 vasos. Una bebida rica en beneficios, \u00a1y en sabor!","og_url":"https:\/\/mauhe.com\/en\/product\/anteaox-blueberry-acai-0-azucar-zaate\/","og_site_name":"Mauh\u00e9","article_modified_time":"2025-12-31T22:18:50+00:00","og_image":[{"width":2560,"height":2560,"url":"https:\/\/mauhe.com\/wp-content\/uploads\/2025\/08\/ALI_ZAATE_ANTEAOX_0AZUCAR_TENEGRO-BLUEBERRY-ACAI_BOLSA-700g_FRENTE-1-scaled.jpg","type":"image\/jpeg"}],"twitter_card":"summary_large_image","twitter_misc":{"Est. reading time":"1 minute"},"schema":{"@context":"https:\/\/schema.org","@graph":[{"@type":"WebPage","@id":"https:\/\/mauhe.com\/producto\/anteaox-blueberry-acai-0-azucar-zaate\/","url":"https:\/\/mauhe.com\/producto\/anteaox-blueberry-acai-0-azucar-zaate\/","name":"Anteaox Blueberry A\u00e7a\u00ed 0% Az\u00facar - Zaat\u00e9 | Mauh\u00e9","isPartOf":{"@id":"https:\/\/mauhe.com\/#website"},"primaryImageOfPage":{"@id":"https:\/\/mauhe.com\/producto\/anteaox-blueberry-acai-0-azucar-zaate\/#primaryimage"},"image":{"@id":"https:\/\/mauhe.com\/producto\/anteaox-blueberry-acai-0-azucar-zaate\/#primaryimage"},"thumbnailUrl":"https:\/\/mauhe.com\/wp-content\/uploads\/2025\/08\/ALI_ZAATE_ANTEAOX_0AZUCAR_TENEGRO-BLUEBERRY-ACAI_BOLSA-700g_FRENTE-1-scaled.jpg","datePublished":"2025-08-06T22:00:08+00:00","dateModified":"2025-12-31T22:18:50+00:00","breadcrumb":{"@id":"https:\/\/mauhe.com\/producto\/anteaox-blueberry-acai-0-azucar-zaate\/#breadcrumb"},"inLanguage":"en-US","potentialAction":[{"@type":"ReadAction","target":["https:\/\/mauhe.com\/producto\/anteaox-blueberry-acai-0-azucar-zaate\/"]}]},{"@type":"ImageObject","inLanguage":"en-US","@id":"https:\/\/mauhe.com\/producto\/anteaox-blueberry-acai-0-azucar-zaate\/#primaryimage","url":"https:\/\/mauhe.com\/wp-content\/uploads\/2025\/08\/ALI_ZAATE_ANTEAOX_0AZUCAR_TENEGRO-BLUEBERRY-ACAI_BOLSA-700g_FRENTE-1-scaled.jpg","contentUrl":"https:\/\/mauhe.com\/wp-content\/uploads\/2025\/08\/ALI_ZAATE_ANTEAOX_0AZUCAR_TENEGRO-BLUEBERRY-ACAI_BOLSA-700g_FRENTE-1-scaled.jpg","width":2560,"height":2560,"caption":"Pouch Bag Packaging Mockup by Anthony Boyd Graphics"},{"@type":"BreadcrumbList","@id":"https:\/\/mauhe.com\/producto\/anteaox-blueberry-acai-0-azucar-zaate\/#breadcrumb","itemListElement":[{"@type":"ListItem","position":1,"name":"Inicio","item":"https:\/\/mauhe.com\/"},{"@type":"ListItem","position":2,"name":"Tienda WEB","item":"https:\/\/mauhe.com\/tienda-web\/"},{"@type":"ListItem","position":3,"name":"Anteaox Blueberry A\u00e7a\u00ed 0% Az\u00facar &#8211; Zaat\u00e9"}]},{"@type":"WebSite","@id":"https:\/\/mauhe.com\/#website","url":"https:\/\/mauhe.com\/","name":"Mauh\u00e9","description":"MauheStore","publisher":{"@id":"https:\/\/mauhe.com\/#organization"},"potentialAction":[{"@type":"SearchAction","target":{"@type":"EntryPoint","urlTemplate":"https:\/\/mauhe.com\/?s={search_term_string}"},"query-input":{"@type":"PropertyValueSpecification","valueRequired":true,"valueName":"search_term_string"}}],"inLanguage":"en-US"},{"@type":"Organization","@id":"https:\/\/mauhe.com\/#organization","name":"Mauh\u00e9","url":"https:\/\/mauhe.com\/","logo":{"@type":"ImageObject","inLanguage":"en-US","@id":"https:\/\/mauhe.com\/#\/schema\/logo\/image\/","url":"http:\/\/mauhe.com\/wp-content\/uploads\/2022\/02\/logo-factura2.png","contentUrl":"http:\/\/mauhe.com\/wp-content\/uploads\/2022\/02\/logo-factura2.png","width":652,"height":284,"caption":"Mauh\u00e9"},"image":{"@id":"https:\/\/mauhe.com\/#\/schema\/logo\/image\/"}}]}},"_links":{"self":[{"href":"https:\/\/mauhe.com\/en\/wp-json\/wp\/v2\/product\/39669","targetHints":{"allow":["GET"]}}],"collection":[{"href":"https:\/\/mauhe.com\/en\/wp-json\/wp\/v2\/product"}],"about":[{"href":"https:\/\/mauhe.com\/en\/wp-json\/wp\/v2\/types\/product"}],"replies":[{"embeddable":true,"href":"https:\/\/mauhe.com\/en\/wp-json\/wp\/v2\/comments?post=39669"}],"version-history":[{"count":1,"href":"https:\/\/mauhe.com\/en\/wp-json\/wp\/v2\/product\/39669\/revisions"}],"predecessor-version":[{"id":39673,"href":"https:\/\/mauhe.com\/en\/wp-json\/wp\/v2\/product\/39669\/revisions\/39673"}],"wp:featuredmedia":[{"embeddable":true,"href":"https:\/\/mauhe.com\/en\/wp-json\/wp\/v2\/media\/39670"}],"wp:attachment":[{"href":"https:\/\/mauhe.com\/en\/wp-json\/wp\/v2\/media?parent=39669"}],"wp:term":[{"taxonomy":"product_brand","embeddable":true,"href":"https:\/\/mauhe.com\/en\/wp-json\/wp\/v2\/product_brand?post=39669"},{"taxonomy":"product_cat","embeddable":true,"href":"https:\/\/mauhe.com\/en\/wp-json\/wp\/v2\/product_cat?post=39669"},{"taxonomy":"product_tag","embeddable":true,"href":"https:\/\/mauhe.com\/en\/wp-json\/wp\/v2\/product_tag?post=39669"}],"curies":[{"name":"wp","href":"https:\/\/api.w.org\/{rel}","templated":true}]}}