{"id":39664,"date":"2025-08-06T15:55:23","date_gmt":"2025-08-06T21:55:23","guid":{"rendered":"https:\/\/mauhe.com\/?post_type=product&#038;p=39664"},"modified":"2026-02-03T13:38:07","modified_gmt":"2026-02-03T19:38:07","slug":"matcha-latte-0-azucar-gourmeth-healthy","status":"publish","type":"product","link":"https:\/\/mauhe.com\/en\/product\/matcha-latte-0-azucar-gourmeth-healthy\/","title":{"rendered":"Matcha Latte 0% Az\u00facar &#8211; Gourmeth &#038; Healthy"},"content":{"rendered":"","protected":false},"excerpt":{"rendered":"<p>Disfruta el sabor vibrante del matcha japon\u00e9s en una bebida cremosa, ligera y sin az\u00facar. Nuestro Matcha Latte 0% Az\u00facar es perfecto para consentirte a cualquier hora: tiene solo 25 kcal por vaso, no contiene lactosa y ya viene endulzado con ingredientes sin calor\u00edas. \u00a1No necesitas agregarle nada! T\u00f3malo fr\u00edo o caliente, con agua o la leche que m\u00e1s te guste. Es f\u00e1cil de preparar y delicioso desde el primer sorbo hasta el \u00faltimo.<\/p>","protected":false},"featured_media":39665,"comment_status":"closed","ping_status":"closed","template":"","meta":[],"product_brand":[],"product_cat":[142,168,131],"product_tag":[],"class_list":{"0":"post-39664","1":"product","2":"type-product","3":"status-publish","4":"has-post-thumbnail","6":"product_cat-gourmet-healthy","7":"product_cat-healthy","8":"product_cat-nuevo","10":"first","11":"instock","12":"purchasable","13":"product-type-simple"},"yoast_head":"<!-- This site is optimized with the Yoast SEO plugin v26.5 - https:\/\/yoast.com\/wordpress\/plugins\/seo\/ -->\n<title>Matcha Latte 0% Az\u00facar - Gourmeth &amp; Healthy | Mauh\u00e9<\/title>\n<meta name=\"robots\" content=\"index, follow, max-snippet:-1, max-image-preview:large, max-video-preview:-1\" \/>\n<link rel=\"canonical\" href=\"https:\/\/mauhe.com\/en\/product\/matcha-latte-0-azucar-gourmeth-healthy\/\" \/>\n<meta property=\"og:locale\" content=\"en_US\" \/>\n<meta property=\"og:type\" content=\"article\" \/>\n<meta property=\"og:title\" content=\"Matcha Latte 0% Az\u00facar - Gourmeth &amp; Healthy | Mauh\u00e9\" \/>\n<meta property=\"og:description\" content=\"Disfruta el sabor vibrante del matcha japon\u00e9s en una bebida cremosa, ligera y sin az\u00facar. Nuestro Matcha Latte 0% Az\u00facar es perfecto para consentirte a cualquier hora: tiene solo 25 kcal por vaso, no contiene lactosa y ya viene endulzado con ingredientes sin calor\u00edas. \u00a1No necesitas agregarle nada! T\u00f3malo fr\u00edo o caliente, con agua o la leche que m\u00e1s te guste. Es f\u00e1cil de preparar y delicioso desde el primer sorbo hasta el \u00faltimo.\" \/>\n<meta property=\"og:url\" content=\"https:\/\/mauhe.com\/en\/product\/matcha-latte-0-azucar-gourmeth-healthy\/\" \/>\n<meta property=\"og:site_name\" content=\"Mauh\u00e9\" \/>\n<meta property=\"article:modified_time\" content=\"2026-02-03T19:38:07+00:00\" \/>\n<meta property=\"og:image\" content=\"https:\/\/mauhe.com\/wp-content\/uploads\/2025\/08\/ALI_GH_MATCHA-LATTE_BOLSA-600g_FRENTE-1024x1024.png\" \/>\n\t<meta property=\"og:image:width\" content=\"1024\" \/>\n\t<meta property=\"og:image:height\" content=\"1024\" \/>\n\t<meta property=\"og:image:type\" content=\"image\/png\" \/>\n<meta name=\"twitter:card\" content=\"summary_large_image\" \/>\n<meta name=\"twitter:label1\" content=\"Est. reading time\" \/>\n\t<meta name=\"twitter:data1\" content=\"1 minute\" \/>\n<script type=\"application\/ld+json\" class=\"yoast-schema-graph\">{\"@context\":\"https:\/\/schema.org\",\"@graph\":[{\"@type\":\"WebPage\",\"@id\":\"https:\/\/mauhe.com\/producto\/matcha-latte-0-azucar-gourmeth-healthy\/\",\"url\":\"https:\/\/mauhe.com\/producto\/matcha-latte-0-azucar-gourmeth-healthy\/\",\"name\":\"Matcha Latte 0% Az\u00facar - Gourmeth & Healthy | Mauh\u00e9\",\"isPartOf\":{\"@id\":\"https:\/\/mauhe.com\/#website\"},\"primaryImageOfPage\":{\"@id\":\"https:\/\/mauhe.com\/producto\/matcha-latte-0-azucar-gourmeth-healthy\/#primaryimage\"},\"image\":{\"@id\":\"https:\/\/mauhe.com\/producto\/matcha-latte-0-azucar-gourmeth-healthy\/#primaryimage\"},\"thumbnailUrl\":\"https:\/\/mauhe.com\/wp-content\/uploads\/2025\/08\/ALI_GH_MATCHA-LATTE_BOLSA-600g_FRENTE.png\",\"datePublished\":\"2025-08-06T21:55:23+00:00\",\"dateModified\":\"2026-02-03T19:38:07+00:00\",\"breadcrumb\":{\"@id\":\"https:\/\/mauhe.com\/producto\/matcha-latte-0-azucar-gourmeth-healthy\/#breadcrumb\"},\"inLanguage\":\"en-US\",\"potentialAction\":[{\"@type\":\"ReadAction\",\"target\":[\"https:\/\/mauhe.com\/producto\/matcha-latte-0-azucar-gourmeth-healthy\/\"]}]},{\"@type\":\"ImageObject\",\"inLanguage\":\"en-US\",\"@id\":\"https:\/\/mauhe.com\/producto\/matcha-latte-0-azucar-gourmeth-healthy\/#primaryimage\",\"url\":\"https:\/\/mauhe.com\/wp-content\/uploads\/2025\/08\/ALI_GH_MATCHA-LATTE_BOLSA-600g_FRENTE.png\",\"contentUrl\":\"https:\/\/mauhe.com\/wp-content\/uploads\/2025\/08\/ALI_GH_MATCHA-LATTE_BOLSA-600g_FRENTE.png\",\"width\":3750,\"height\":3750},{\"@type\":\"BreadcrumbList\",\"@id\":\"https:\/\/mauhe.com\/producto\/matcha-latte-0-azucar-gourmeth-healthy\/#breadcrumb\",\"itemListElement\":[{\"@type\":\"ListItem\",\"position\":1,\"name\":\"Inicio\",\"item\":\"https:\/\/mauhe.com\/\"},{\"@type\":\"ListItem\",\"position\":2,\"name\":\"Tienda WEB\",\"item\":\"https:\/\/mauhe.com\/tienda-web\/\"},{\"@type\":\"ListItem\",\"position\":3,\"name\":\"Matcha Latte 0% Az\u00facar &#8211; Gourmeth &#038; Healthy\"}]},{\"@type\":\"WebSite\",\"@id\":\"https:\/\/mauhe.com\/#website\",\"url\":\"https:\/\/mauhe.com\/\",\"name\":\"Mauh\u00e9\",\"description\":\"MauheStore\",\"publisher\":{\"@id\":\"https:\/\/mauhe.com\/#organization\"},\"potentialAction\":[{\"@type\":\"SearchAction\",\"target\":{\"@type\":\"EntryPoint\",\"urlTemplate\":\"https:\/\/mauhe.com\/?s={search_term_string}\"},\"query-input\":{\"@type\":\"PropertyValueSpecification\",\"valueRequired\":true,\"valueName\":\"search_term_string\"}}],\"inLanguage\":\"en-US\"},{\"@type\":\"Organization\",\"@id\":\"https:\/\/mauhe.com\/#organization\",\"name\":\"Mauh\u00e9\",\"url\":\"https:\/\/mauhe.com\/\",\"logo\":{\"@type\":\"ImageObject\",\"inLanguage\":\"en-US\",\"@id\":\"https:\/\/mauhe.com\/#\/schema\/logo\/image\/\",\"url\":\"http:\/\/mauhe.com\/wp-content\/uploads\/2022\/02\/logo-factura2.png\",\"contentUrl\":\"http:\/\/mauhe.com\/wp-content\/uploads\/2022\/02\/logo-factura2.png\",\"width\":652,\"height\":284,\"caption\":\"Mauh\u00e9\"},\"image\":{\"@id\":\"https:\/\/mauhe.com\/#\/schema\/logo\/image\/\"}}]}<\/script>\n<!-- \/ Yoast SEO plugin. -->","yoast_head_json":{"title":"Matcha Latte 0% Az\u00facar - Gourmeth & Healthy | Mauh\u00e9","robots":{"index":"index","follow":"follow","max-snippet":"max-snippet:-1","max-image-preview":"max-image-preview:large","max-video-preview":"max-video-preview:-1"},"canonical":"https:\/\/mauhe.com\/en\/product\/matcha-latte-0-azucar-gourmeth-healthy\/","og_locale":"en_US","og_type":"article","og_title":"Matcha Latte 0% Az\u00facar - Gourmeth & Healthy | Mauh\u00e9","og_description":"Disfruta el sabor vibrante del matcha japon\u00e9s en una bebida cremosa, ligera y sin az\u00facar. Nuestro Matcha Latte 0% Az\u00facar es perfecto para consentirte a cualquier hora: tiene solo 25 kcal por vaso, no contiene lactosa y ya viene endulzado con ingredientes sin calor\u00edas. \u00a1No necesitas agregarle nada! T\u00f3malo fr\u00edo o caliente, con agua o la leche que m\u00e1s te guste. Es f\u00e1cil de preparar y delicioso desde el primer sorbo hasta el \u00faltimo.","og_url":"https:\/\/mauhe.com\/en\/product\/matcha-latte-0-azucar-gourmeth-healthy\/","og_site_name":"Mauh\u00e9","article_modified_time":"2026-02-03T19:38:07+00:00","og_image":[{"width":1024,"height":1024,"url":"https:\/\/mauhe.com\/wp-content\/uploads\/2025\/08\/ALI_GH_MATCHA-LATTE_BOLSA-600g_FRENTE-1024x1024.png","type":"image\/png"}],"twitter_card":"summary_large_image","twitter_misc":{"Est. reading time":"1 minute"},"schema":{"@context":"https:\/\/schema.org","@graph":[{"@type":"WebPage","@id":"https:\/\/mauhe.com\/producto\/matcha-latte-0-azucar-gourmeth-healthy\/","url":"https:\/\/mauhe.com\/producto\/matcha-latte-0-azucar-gourmeth-healthy\/","name":"Matcha Latte 0% Az\u00facar - Gourmeth & Healthy | Mauh\u00e9","isPartOf":{"@id":"https:\/\/mauhe.com\/#website"},"primaryImageOfPage":{"@id":"https:\/\/mauhe.com\/producto\/matcha-latte-0-azucar-gourmeth-healthy\/#primaryimage"},"image":{"@id":"https:\/\/mauhe.com\/producto\/matcha-latte-0-azucar-gourmeth-healthy\/#primaryimage"},"thumbnailUrl":"https:\/\/mauhe.com\/wp-content\/uploads\/2025\/08\/ALI_GH_MATCHA-LATTE_BOLSA-600g_FRENTE.png","datePublished":"2025-08-06T21:55:23+00:00","dateModified":"2026-02-03T19:38:07+00:00","breadcrumb":{"@id":"https:\/\/mauhe.com\/producto\/matcha-latte-0-azucar-gourmeth-healthy\/#breadcrumb"},"inLanguage":"en-US","potentialAction":[{"@type":"ReadAction","target":["https:\/\/mauhe.com\/producto\/matcha-latte-0-azucar-gourmeth-healthy\/"]}]},{"@type":"ImageObject","inLanguage":"en-US","@id":"https:\/\/mauhe.com\/producto\/matcha-latte-0-azucar-gourmeth-healthy\/#primaryimage","url":"https:\/\/mauhe.com\/wp-content\/uploads\/2025\/08\/ALI_GH_MATCHA-LATTE_BOLSA-600g_FRENTE.png","contentUrl":"https:\/\/mauhe.com\/wp-content\/uploads\/2025\/08\/ALI_GH_MATCHA-LATTE_BOLSA-600g_FRENTE.png","width":3750,"height":3750},{"@type":"BreadcrumbList","@id":"https:\/\/mauhe.com\/producto\/matcha-latte-0-azucar-gourmeth-healthy\/#breadcrumb","itemListElement":[{"@type":"ListItem","position":1,"name":"Inicio","item":"https:\/\/mauhe.com\/"},{"@type":"ListItem","position":2,"name":"Tienda WEB","item":"https:\/\/mauhe.com\/tienda-web\/"},{"@type":"ListItem","position":3,"name":"Matcha Latte 0% Az\u00facar &#8211; Gourmeth &#038; Healthy"}]},{"@type":"WebSite","@id":"https:\/\/mauhe.com\/#website","url":"https:\/\/mauhe.com\/","name":"Mauh\u00e9","description":"MauheStore","publisher":{"@id":"https:\/\/mauhe.com\/#organization"},"potentialAction":[{"@type":"SearchAction","target":{"@type":"EntryPoint","urlTemplate":"https:\/\/mauhe.com\/?s={search_term_string}"},"query-input":{"@type":"PropertyValueSpecification","valueRequired":true,"valueName":"search_term_string"}}],"inLanguage":"en-US"},{"@type":"Organization","@id":"https:\/\/mauhe.com\/#organization","name":"Mauh\u00e9","url":"https:\/\/mauhe.com\/","logo":{"@type":"ImageObject","inLanguage":"en-US","@id":"https:\/\/mauhe.com\/#\/schema\/logo\/image\/","url":"http:\/\/mauhe.com\/wp-content\/uploads\/2022\/02\/logo-factura2.png","contentUrl":"http:\/\/mauhe.com\/wp-content\/uploads\/2022\/02\/logo-factura2.png","width":652,"height":284,"caption":"Mauh\u00e9"},"image":{"@id":"https:\/\/mauhe.com\/#\/schema\/logo\/image\/"}}]}},"_links":{"self":[{"href":"https:\/\/mauhe.com\/en\/wp-json\/wp\/v2\/product\/39664","targetHints":{"allow":["GET"]}}],"collection":[{"href":"https:\/\/mauhe.com\/en\/wp-json\/wp\/v2\/product"}],"about":[{"href":"https:\/\/mauhe.com\/en\/wp-json\/wp\/v2\/types\/product"}],"replies":[{"embeddable":true,"href":"https:\/\/mauhe.com\/en\/wp-json\/wp\/v2\/comments?post=39664"}],"version-history":[{"count":2,"href":"https:\/\/mauhe.com\/en\/wp-json\/wp\/v2\/product\/39664\/revisions"}],"predecessor-version":[{"id":43021,"href":"https:\/\/mauhe.com\/en\/wp-json\/wp\/v2\/product\/39664\/revisions\/43021"}],"wp:featuredmedia":[{"embeddable":true,"href":"https:\/\/mauhe.com\/en\/wp-json\/wp\/v2\/media\/39665"}],"wp:attachment":[{"href":"https:\/\/mauhe.com\/en\/wp-json\/wp\/v2\/media?parent=39664"}],"wp:term":[{"taxonomy":"product_brand","embeddable":true,"href":"https:\/\/mauhe.com\/en\/wp-json\/wp\/v2\/product_brand?post=39664"},{"taxonomy":"product_cat","embeddable":true,"href":"https:\/\/mauhe.com\/en\/wp-json\/wp\/v2\/product_cat?post=39664"},{"taxonomy":"product_tag","embeddable":true,"href":"https:\/\/mauhe.com\/en\/wp-json\/wp\/v2\/product_tag?post=39664"}],"curies":[{"name":"wp","href":"https:\/\/api.w.org\/{rel}","templated":true}]}}