{"id":39643,"date":"2025-08-06T15:31:52","date_gmt":"2025-08-06T21:31:52","guid":{"rendered":"https:\/\/mauhe.com\/?post_type=product&#038;p=39643"},"modified":"2025-12-31T16:26:30","modified_gmt":"2025-12-31T22:26:30","slug":"fibra-verde-0-azucar-gourmeth-healthy","status":"publish","type":"product","link":"https:\/\/mauhe.com\/en\/product\/fibra-verde-0-azucar-gourmeth-healthy\/","title":{"rendered":"Fibra Verde 0% Az\u00facar &#8211; Gourmeth &#038; Healthy"},"content":{"rendered":"","protected":false},"excerpt":{"rendered":"<p>Refrescante, deliciosa y con beneficios reales para tu digesti\u00f3n. Nuestra Fibra Verde sabor Pi\u00f1a-Pepino combina frutas, verduras, probi\u00f3ticos, clorofila y 10g de fibra por vaso, lo cual es sumamente beneficioso para tu salud intestinal. Todo esto en una mezcla sin az\u00facar a\u00f1adida, con un sabor incre\u00edble que te encantar\u00e1. Con presentaci\u00f3n de 600g, rinde hasta 40 vasos. Prep\u00e1rala en menos de 3 minutos: solo necesitas 240 ml de agua, hielo y \u00a1listo! Endulzada sin calor\u00edas, f\u00e1cil de preparar y con un perfil funcional completo, es una forma pr\u00e1ctica y deliciosa de sentirte bien desde adentro. Disfr\u00fatala bien fr\u00eda a cualquier hora del d\u00eda.<\/p>","protected":false},"featured_media":39645,"comment_status":"closed","ping_status":"closed","template":"","meta":[],"product_brand":[],"product_cat":[142,168,131],"product_tag":[],"class_list":{"0":"post-39643","1":"product","2":"type-product","3":"status-publish","4":"has-post-thumbnail","6":"product_cat-gourmet-healthy","7":"product_cat-healthy","8":"product_cat-nuevo","10":"first","11":"instock","12":"purchasable","13":"product-type-simple"},"yoast_head":"<!-- This site is optimized with the Yoast SEO plugin v26.5 - https:\/\/yoast.com\/wordpress\/plugins\/seo\/ -->\n<title>Fibra Verde 0% Az\u00facar - Gourmeth &amp; Healthy | Mauh\u00e9<\/title>\n<meta name=\"robots\" content=\"index, follow, max-snippet:-1, max-image-preview:large, max-video-preview:-1\" \/>\n<link rel=\"canonical\" href=\"https:\/\/mauhe.com\/en\/product\/fibra-verde-0-azucar-gourmeth-healthy\/\" \/>\n<meta property=\"og:locale\" content=\"en_US\" \/>\n<meta property=\"og:type\" content=\"article\" \/>\n<meta property=\"og:title\" content=\"Fibra Verde 0% Az\u00facar - Gourmeth &amp; Healthy | Mauh\u00e9\" \/>\n<meta property=\"og:description\" content=\"Refrescante, deliciosa y con beneficios reales para tu digesti\u00f3n. Nuestra Fibra Verde sabor Pi\u00f1a-Pepino combina frutas, verduras, probi\u00f3ticos, clorofila y 10g de fibra por vaso, lo cual es sumamente beneficioso para tu salud intestinal. Todo esto en una mezcla sin az\u00facar a\u00f1adida, con un sabor incre\u00edble que te encantar\u00e1. Con presentaci\u00f3n de 600g, rinde hasta 40 vasos. Prep\u00e1rala en menos de 3 minutos: solo necesitas 240 ml de agua, hielo y \u00a1listo! Endulzada sin calor\u00edas, f\u00e1cil de preparar y con un perfil funcional completo, es una forma pr\u00e1ctica y deliciosa de sentirte bien desde adentro. Disfr\u00fatala bien fr\u00eda a cualquier hora del d\u00eda.\" \/>\n<meta property=\"og:url\" content=\"https:\/\/mauhe.com\/en\/product\/fibra-verde-0-azucar-gourmeth-healthy\/\" \/>\n<meta property=\"og:site_name\" content=\"Mauh\u00e9\" \/>\n<meta property=\"article:modified_time\" content=\"2025-12-31T22:26:30+00:00\" \/>\n<meta property=\"og:image\" content=\"https:\/\/mauhe.com\/wp-content\/uploads\/2025\/08\/ALI_GH_FIBRA-VERDE_PINA-PEPINO_BOLSA-600g_FRENTE-1-1024x1024.png\" \/>\n\t<meta property=\"og:image:width\" content=\"1024\" \/>\n\t<meta property=\"og:image:height\" content=\"1024\" \/>\n\t<meta property=\"og:image:type\" content=\"image\/png\" \/>\n<meta name=\"twitter:card\" content=\"summary_large_image\" \/>\n<meta name=\"twitter:label1\" content=\"Est. reading time\" \/>\n\t<meta name=\"twitter:data1\" content=\"1 minute\" \/>\n<script type=\"application\/ld+json\" class=\"yoast-schema-graph\">{\"@context\":\"https:\/\/schema.org\",\"@graph\":[{\"@type\":\"WebPage\",\"@id\":\"https:\/\/mauhe.com\/producto\/fibra-verde-0-azucar-gourmeth-healthy\/\",\"url\":\"https:\/\/mauhe.com\/producto\/fibra-verde-0-azucar-gourmeth-healthy\/\",\"name\":\"Fibra Verde 0% Az\u00facar - Gourmeth & Healthy | Mauh\u00e9\",\"isPartOf\":{\"@id\":\"https:\/\/mauhe.com\/#website\"},\"primaryImageOfPage\":{\"@id\":\"https:\/\/mauhe.com\/producto\/fibra-verde-0-azucar-gourmeth-healthy\/#primaryimage\"},\"image\":{\"@id\":\"https:\/\/mauhe.com\/producto\/fibra-verde-0-azucar-gourmeth-healthy\/#primaryimage\"},\"thumbnailUrl\":\"https:\/\/mauhe.com\/wp-content\/uploads\/2025\/08\/ALI_GH_FIBRA-VERDE_PINA-PEPINO_BOLSA-600g_FRENTE-1.png\",\"datePublished\":\"2025-08-06T21:31:52+00:00\",\"dateModified\":\"2025-12-31T22:26:30+00:00\",\"breadcrumb\":{\"@id\":\"https:\/\/mauhe.com\/producto\/fibra-verde-0-azucar-gourmeth-healthy\/#breadcrumb\"},\"inLanguage\":\"en-US\",\"potentialAction\":[{\"@type\":\"ReadAction\",\"target\":[\"https:\/\/mauhe.com\/producto\/fibra-verde-0-azucar-gourmeth-healthy\/\"]}]},{\"@type\":\"ImageObject\",\"inLanguage\":\"en-US\",\"@id\":\"https:\/\/mauhe.com\/producto\/fibra-verde-0-azucar-gourmeth-healthy\/#primaryimage\",\"url\":\"https:\/\/mauhe.com\/wp-content\/uploads\/2025\/08\/ALI_GH_FIBRA-VERDE_PINA-PEPINO_BOLSA-600g_FRENTE-1.png\",\"contentUrl\":\"https:\/\/mauhe.com\/wp-content\/uploads\/2025\/08\/ALI_GH_FIBRA-VERDE_PINA-PEPINO_BOLSA-600g_FRENTE-1.png\",\"width\":3750,\"height\":3750},{\"@type\":\"BreadcrumbList\",\"@id\":\"https:\/\/mauhe.com\/producto\/fibra-verde-0-azucar-gourmeth-healthy\/#breadcrumb\",\"itemListElement\":[{\"@type\":\"ListItem\",\"position\":1,\"name\":\"Inicio\",\"item\":\"https:\/\/mauhe.com\/\"},{\"@type\":\"ListItem\",\"position\":2,\"name\":\"Tienda WEB\",\"item\":\"https:\/\/mauhe.com\/tienda-web\/\"},{\"@type\":\"ListItem\",\"position\":3,\"name\":\"Fibra Verde 0% Az\u00facar &#8211; Gourmeth &#038; Healthy\"}]},{\"@type\":\"WebSite\",\"@id\":\"https:\/\/mauhe.com\/#website\",\"url\":\"https:\/\/mauhe.com\/\",\"name\":\"Mauh\u00e9\",\"description\":\"MauheStore\",\"publisher\":{\"@id\":\"https:\/\/mauhe.com\/#organization\"},\"potentialAction\":[{\"@type\":\"SearchAction\",\"target\":{\"@type\":\"EntryPoint\",\"urlTemplate\":\"https:\/\/mauhe.com\/?s={search_term_string}\"},\"query-input\":{\"@type\":\"PropertyValueSpecification\",\"valueRequired\":true,\"valueName\":\"search_term_string\"}}],\"inLanguage\":\"en-US\"},{\"@type\":\"Organization\",\"@id\":\"https:\/\/mauhe.com\/#organization\",\"name\":\"Mauh\u00e9\",\"url\":\"https:\/\/mauhe.com\/\",\"logo\":{\"@type\":\"ImageObject\",\"inLanguage\":\"en-US\",\"@id\":\"https:\/\/mauhe.com\/#\/schema\/logo\/image\/\",\"url\":\"http:\/\/mauhe.com\/wp-content\/uploads\/2022\/02\/logo-factura2.png\",\"contentUrl\":\"http:\/\/mauhe.com\/wp-content\/uploads\/2022\/02\/logo-factura2.png\",\"width\":652,\"height\":284,\"caption\":\"Mauh\u00e9\"},\"image\":{\"@id\":\"https:\/\/mauhe.com\/#\/schema\/logo\/image\/\"}}]}<\/script>\n<!-- \/ Yoast SEO plugin. -->","yoast_head_json":{"title":"Fibra Verde 0% Az\u00facar - Gourmeth & Healthy | Mauh\u00e9","robots":{"index":"index","follow":"follow","max-snippet":"max-snippet:-1","max-image-preview":"max-image-preview:large","max-video-preview":"max-video-preview:-1"},"canonical":"https:\/\/mauhe.com\/en\/product\/fibra-verde-0-azucar-gourmeth-healthy\/","og_locale":"en_US","og_type":"article","og_title":"Fibra Verde 0% Az\u00facar - Gourmeth & Healthy | Mauh\u00e9","og_description":"Refrescante, deliciosa y con beneficios reales para tu digesti\u00f3n. Nuestra Fibra Verde sabor Pi\u00f1a-Pepino combina frutas, verduras, probi\u00f3ticos, clorofila y 10g de fibra por vaso, lo cual es sumamente beneficioso para tu salud intestinal. Todo esto en una mezcla sin az\u00facar a\u00f1adida, con un sabor incre\u00edble que te encantar\u00e1. Con presentaci\u00f3n de 600g, rinde hasta 40 vasos. Prep\u00e1rala en menos de 3 minutos: solo necesitas 240 ml de agua, hielo y \u00a1listo! Endulzada sin calor\u00edas, f\u00e1cil de preparar y con un perfil funcional completo, es una forma pr\u00e1ctica y deliciosa de sentirte bien desde adentro. Disfr\u00fatala bien fr\u00eda a cualquier hora del d\u00eda.","og_url":"https:\/\/mauhe.com\/en\/product\/fibra-verde-0-azucar-gourmeth-healthy\/","og_site_name":"Mauh\u00e9","article_modified_time":"2025-12-31T22:26:30+00:00","og_image":[{"width":1024,"height":1024,"url":"https:\/\/mauhe.com\/wp-content\/uploads\/2025\/08\/ALI_GH_FIBRA-VERDE_PINA-PEPINO_BOLSA-600g_FRENTE-1-1024x1024.png","type":"image\/png"}],"twitter_card":"summary_large_image","twitter_misc":{"Est. reading time":"1 minute"},"schema":{"@context":"https:\/\/schema.org","@graph":[{"@type":"WebPage","@id":"https:\/\/mauhe.com\/producto\/fibra-verde-0-azucar-gourmeth-healthy\/","url":"https:\/\/mauhe.com\/producto\/fibra-verde-0-azucar-gourmeth-healthy\/","name":"Fibra Verde 0% Az\u00facar - Gourmeth & Healthy | Mauh\u00e9","isPartOf":{"@id":"https:\/\/mauhe.com\/#website"},"primaryImageOfPage":{"@id":"https:\/\/mauhe.com\/producto\/fibra-verde-0-azucar-gourmeth-healthy\/#primaryimage"},"image":{"@id":"https:\/\/mauhe.com\/producto\/fibra-verde-0-azucar-gourmeth-healthy\/#primaryimage"},"thumbnailUrl":"https:\/\/mauhe.com\/wp-content\/uploads\/2025\/08\/ALI_GH_FIBRA-VERDE_PINA-PEPINO_BOLSA-600g_FRENTE-1.png","datePublished":"2025-08-06T21:31:52+00:00","dateModified":"2025-12-31T22:26:30+00:00","breadcrumb":{"@id":"https:\/\/mauhe.com\/producto\/fibra-verde-0-azucar-gourmeth-healthy\/#breadcrumb"},"inLanguage":"en-US","potentialAction":[{"@type":"ReadAction","target":["https:\/\/mauhe.com\/producto\/fibra-verde-0-azucar-gourmeth-healthy\/"]}]},{"@type":"ImageObject","inLanguage":"en-US","@id":"https:\/\/mauhe.com\/producto\/fibra-verde-0-azucar-gourmeth-healthy\/#primaryimage","url":"https:\/\/mauhe.com\/wp-content\/uploads\/2025\/08\/ALI_GH_FIBRA-VERDE_PINA-PEPINO_BOLSA-600g_FRENTE-1.png","contentUrl":"https:\/\/mauhe.com\/wp-content\/uploads\/2025\/08\/ALI_GH_FIBRA-VERDE_PINA-PEPINO_BOLSA-600g_FRENTE-1.png","width":3750,"height":3750},{"@type":"BreadcrumbList","@id":"https:\/\/mauhe.com\/producto\/fibra-verde-0-azucar-gourmeth-healthy\/#breadcrumb","itemListElement":[{"@type":"ListItem","position":1,"name":"Inicio","item":"https:\/\/mauhe.com\/"},{"@type":"ListItem","position":2,"name":"Tienda WEB","item":"https:\/\/mauhe.com\/tienda-web\/"},{"@type":"ListItem","position":3,"name":"Fibra Verde 0% Az\u00facar &#8211; Gourmeth &#038; Healthy"}]},{"@type":"WebSite","@id":"https:\/\/mauhe.com\/#website","url":"https:\/\/mauhe.com\/","name":"Mauh\u00e9","description":"MauheStore","publisher":{"@id":"https:\/\/mauhe.com\/#organization"},"potentialAction":[{"@type":"SearchAction","target":{"@type":"EntryPoint","urlTemplate":"https:\/\/mauhe.com\/?s={search_term_string}"},"query-input":{"@type":"PropertyValueSpecification","valueRequired":true,"valueName":"search_term_string"}}],"inLanguage":"en-US"},{"@type":"Organization","@id":"https:\/\/mauhe.com\/#organization","name":"Mauh\u00e9","url":"https:\/\/mauhe.com\/","logo":{"@type":"ImageObject","inLanguage":"en-US","@id":"https:\/\/mauhe.com\/#\/schema\/logo\/image\/","url":"http:\/\/mauhe.com\/wp-content\/uploads\/2022\/02\/logo-factura2.png","contentUrl":"http:\/\/mauhe.com\/wp-content\/uploads\/2022\/02\/logo-factura2.png","width":652,"height":284,"caption":"Mauh\u00e9"},"image":{"@id":"https:\/\/mauhe.com\/#\/schema\/logo\/image\/"}}]}},"_links":{"self":[{"href":"https:\/\/mauhe.com\/en\/wp-json\/wp\/v2\/product\/39643","targetHints":{"allow":["GET"]}}],"collection":[{"href":"https:\/\/mauhe.com\/en\/wp-json\/wp\/v2\/product"}],"about":[{"href":"https:\/\/mauhe.com\/en\/wp-json\/wp\/v2\/types\/product"}],"replies":[{"embeddable":true,"href":"https:\/\/mauhe.com\/en\/wp-json\/wp\/v2\/comments?post=39643"}],"version-history":[{"count":1,"href":"https:\/\/mauhe.com\/en\/wp-json\/wp\/v2\/product\/39643\/revisions"}],"predecessor-version":[{"id":39647,"href":"https:\/\/mauhe.com\/en\/wp-json\/wp\/v2\/product\/39643\/revisions\/39647"}],"wp:featuredmedia":[{"embeddable":true,"href":"https:\/\/mauhe.com\/en\/wp-json\/wp\/v2\/media\/39645"}],"wp:attachment":[{"href":"https:\/\/mauhe.com\/en\/wp-json\/wp\/v2\/media?parent=39643"}],"wp:term":[{"taxonomy":"product_brand","embeddable":true,"href":"https:\/\/mauhe.com\/en\/wp-json\/wp\/v2\/product_brand?post=39643"},{"taxonomy":"product_cat","embeddable":true,"href":"https:\/\/mauhe.com\/en\/wp-json\/wp\/v2\/product_cat?post=39643"},{"taxonomy":"product_tag","embeddable":true,"href":"https:\/\/mauhe.com\/en\/wp-json\/wp\/v2\/product_tag?post=39643"}],"curies":[{"name":"wp","href":"https:\/\/api.w.org\/{rel}","templated":true}]}}