{"id":3962,"date":"2021-08-09T18:53:00","date_gmt":"2021-08-10T00:53:00","guid":{"rendered":"https:\/\/www.mauhe.axiskgdesarrollos.com\/?post_type=product&#038;p=3962"},"modified":"2025-12-31T16:35:04","modified_gmt":"2025-12-31T22:35:04","slug":"ponche","status":"publish","type":"product","link":"https:\/\/mauhe.com\/en\/product\/ponche\/","title":{"rendered":"Ponche Tradicional Mexicano La Monjita"},"content":{"rendered":"<table cellspacing=\"0\" cellpadding=\"0\">\n<tbody>\n<tr>\n<td>Preparaci\u00f3n<\/td>\n<td colspan=\"3\" rowspan=\"1\">Recetas bebidas (8oz)<\/td>\n<td>Rendimiento en bebidas<\/td>\n<td>Otras aplicaciones<\/td>\n<\/tr>\n<tr>\n<td>Caliente<\/p>\n<p>Fr\u00edo<\/p>\n<p>Frapp\u00e9<\/td>\n<td><strong>Caliente <\/strong><\/p>\n<p>30-35g base<\/p>\n<p>8oz leche caliente<\/td>\n<td><strong>Fr\u00edo <\/strong><\/p>\n<p>30-35g base<\/p>\n<p>8oz leche<\/p>\n<p>Hielos<\/td>\n<td><strong>Frapp\u00e9 <\/strong><\/p>\n<p>30-35g base<\/p>\n<p>2oz leche<\/p>\n<p>6oz Hielos<\/td>\n<td>42 bebidas de 8 oz<\/td>\n<td>Cocteler\u00eda<\/p>\n<p>Panader\u00eda Postres<\/td>\n<\/tr>\n<\/tbody>\n<\/table>","protected":false},"excerpt":{"rendered":"<p>La bebida navide\u00f1a mexicana por excelencia con el sabor tradicional y trocitos de manzana y pasitas que tus clientes amar\u00e1n.<\/p>","protected":false},"featured_media":23043,"comment_status":"open","ping_status":"closed","template":"","meta":[],"product_brand":[],"product_cat":[96,115,101],"product_tag":[92,93,94],"class_list":{"0":"post-3962","1":"product","2":"type-product","3":"status-publish","4":"has-post-thumbnail","6":"product_cat-bases-para-smoothies","7":"product_cat-la-monjita-marcas","8":"product_cat-tradicion-base-agua","9":"product_tag-cocteleria","10":"product_tag-panaderia","11":"product_tag-postres","13":"first","14":"instock","15":"featured","16":"purchasable","17":"product-type-simple"},"yoast_head":"<!-- This site is optimized with the Yoast SEO plugin v26.5 - https:\/\/yoast.com\/wordpress\/plugins\/seo\/ -->\n<title>Ponche Tradicional Mexicano La Monjita | Mauh\u00e9<\/title>\n<meta name=\"robots\" content=\"index, follow, max-snippet:-1, max-image-preview:large, max-video-preview:-1\" \/>\n<link rel=\"canonical\" href=\"https:\/\/mauhe.com\/en\/product\/ponche\/\" \/>\n<meta property=\"og:locale\" content=\"en_US\" \/>\n<meta property=\"og:type\" content=\"article\" \/>\n<meta property=\"og:title\" content=\"Ponche Tradicional Mexicano La Monjita | Mauh\u00e9\" \/>\n<meta property=\"og:description\" content=\"La bebida navide\u00f1a mexicana por excelencia con el sabor tradicional y trocitos de manzana y pasitas que tus clientes amar\u00e1n.\" \/>\n<meta property=\"og:url\" content=\"https:\/\/mauhe.com\/en\/product\/ponche\/\" \/>\n<meta property=\"og:site_name\" content=\"Mauh\u00e9\" \/>\n<meta property=\"article:modified_time\" content=\"2025-12-31T22:35:04+00:00\" \/>\n<meta property=\"og:image\" content=\"https:\/\/mauhe.com\/wp-content\/uploads\/2021\/08\/XIV_LA-MONJITA_PONCHE-TRADICIONAL_BOLSA-1360g_FRENTE.jpg\" \/>\n\t<meta property=\"og:image:width\" content=\"2000\" \/>\n\t<meta property=\"og:image:height\" content=\"2000\" \/>\n\t<meta property=\"og:image:type\" content=\"image\/jpeg\" \/>\n<meta name=\"twitter:card\" content=\"summary_large_image\" \/>\n<meta name=\"twitter:label1\" content=\"Est. reading time\" \/>\n\t<meta name=\"twitter:data1\" content=\"1 minute\" \/>\n<script type=\"application\/ld+json\" class=\"yoast-schema-graph\">{\"@context\":\"https:\/\/schema.org\",\"@graph\":[{\"@type\":\"WebPage\",\"@id\":\"https:\/\/mauhe.com\/producto\/ponche\/\",\"url\":\"https:\/\/mauhe.com\/producto\/ponche\/\",\"name\":\"Ponche Tradicional Mexicano La Monjita | Mauh\u00e9\",\"isPartOf\":{\"@id\":\"https:\/\/mauhe.com\/#website\"},\"primaryImageOfPage\":{\"@id\":\"https:\/\/mauhe.com\/producto\/ponche\/#primaryimage\"},\"image\":{\"@id\":\"https:\/\/mauhe.com\/producto\/ponche\/#primaryimage\"},\"thumbnailUrl\":\"https:\/\/mauhe.com\/wp-content\/uploads\/2021\/08\/XIV_LA-MONJITA_PONCHE-TRADICIONAL_BOLSA-1360g_FRENTE.jpg\",\"datePublished\":\"2021-08-10T00:53:00+00:00\",\"dateModified\":\"2025-12-31T22:35:04+00:00\",\"breadcrumb\":{\"@id\":\"https:\/\/mauhe.com\/producto\/ponche\/#breadcrumb\"},\"inLanguage\":\"en-US\",\"potentialAction\":[{\"@type\":\"ReadAction\",\"target\":[\"https:\/\/mauhe.com\/producto\/ponche\/\"]}]},{\"@type\":\"ImageObject\",\"inLanguage\":\"en-US\",\"@id\":\"https:\/\/mauhe.com\/producto\/ponche\/#primaryimage\",\"url\":\"https:\/\/mauhe.com\/wp-content\/uploads\/2021\/08\/XIV_LA-MONJITA_PONCHE-TRADICIONAL_BOLSA-1360g_FRENTE.jpg\",\"contentUrl\":\"https:\/\/mauhe.com\/wp-content\/uploads\/2021\/08\/XIV_LA-MONJITA_PONCHE-TRADICIONAL_BOLSA-1360g_FRENTE.jpg\",\"width\":2000,\"height\":2000},{\"@type\":\"BreadcrumbList\",\"@id\":\"https:\/\/mauhe.com\/producto\/ponche\/#breadcrumb\",\"itemListElement\":[{\"@type\":\"ListItem\",\"position\":1,\"name\":\"Inicio\",\"item\":\"https:\/\/mauhe.com\/\"},{\"@type\":\"ListItem\",\"position\":2,\"name\":\"Tienda WEB\",\"item\":\"https:\/\/mauhe.com\/tienda-web\/\"},{\"@type\":\"ListItem\",\"position\":3,\"name\":\"Ponche Tradicional Mexicano La Monjita\"}]},{\"@type\":\"WebSite\",\"@id\":\"https:\/\/mauhe.com\/#website\",\"url\":\"https:\/\/mauhe.com\/\",\"name\":\"Mauh\u00e9\",\"description\":\"MauheStore\",\"publisher\":{\"@id\":\"https:\/\/mauhe.com\/#organization\"},\"potentialAction\":[{\"@type\":\"SearchAction\",\"target\":{\"@type\":\"EntryPoint\",\"urlTemplate\":\"https:\/\/mauhe.com\/?s={search_term_string}\"},\"query-input\":{\"@type\":\"PropertyValueSpecification\",\"valueRequired\":true,\"valueName\":\"search_term_string\"}}],\"inLanguage\":\"en-US\"},{\"@type\":\"Organization\",\"@id\":\"https:\/\/mauhe.com\/#organization\",\"name\":\"Mauh\u00e9\",\"url\":\"https:\/\/mauhe.com\/\",\"logo\":{\"@type\":\"ImageObject\",\"inLanguage\":\"en-US\",\"@id\":\"https:\/\/mauhe.com\/#\/schema\/logo\/image\/\",\"url\":\"http:\/\/mauhe.com\/wp-content\/uploads\/2022\/02\/logo-factura2.png\",\"contentUrl\":\"http:\/\/mauhe.com\/wp-content\/uploads\/2022\/02\/logo-factura2.png\",\"width\":652,\"height\":284,\"caption\":\"Mauh\u00e9\"},\"image\":{\"@id\":\"https:\/\/mauhe.com\/#\/schema\/logo\/image\/\"}}]}<\/script>\n<!-- \/ Yoast SEO plugin. -->","yoast_head_json":{"title":"Ponche Tradicional Mexicano La Monjita | Mauh\u00e9","robots":{"index":"index","follow":"follow","max-snippet":"max-snippet:-1","max-image-preview":"max-image-preview:large","max-video-preview":"max-video-preview:-1"},"canonical":"https:\/\/mauhe.com\/en\/product\/ponche\/","og_locale":"en_US","og_type":"article","og_title":"Ponche Tradicional Mexicano La Monjita | Mauh\u00e9","og_description":"La bebida navide\u00f1a mexicana por excelencia con el sabor tradicional y trocitos de manzana y pasitas que tus clientes amar\u00e1n.","og_url":"https:\/\/mauhe.com\/en\/product\/ponche\/","og_site_name":"Mauh\u00e9","article_modified_time":"2025-12-31T22:35:04+00:00","og_image":[{"width":2000,"height":2000,"url":"https:\/\/mauhe.com\/wp-content\/uploads\/2021\/08\/XIV_LA-MONJITA_PONCHE-TRADICIONAL_BOLSA-1360g_FRENTE.jpg","type":"image\/jpeg"}],"twitter_card":"summary_large_image","twitter_misc":{"Est. reading time":"1 minute"},"schema":{"@context":"https:\/\/schema.org","@graph":[{"@type":"WebPage","@id":"https:\/\/mauhe.com\/producto\/ponche\/","url":"https:\/\/mauhe.com\/producto\/ponche\/","name":"Ponche Tradicional Mexicano La Monjita | Mauh\u00e9","isPartOf":{"@id":"https:\/\/mauhe.com\/#website"},"primaryImageOfPage":{"@id":"https:\/\/mauhe.com\/producto\/ponche\/#primaryimage"},"image":{"@id":"https:\/\/mauhe.com\/producto\/ponche\/#primaryimage"},"thumbnailUrl":"https:\/\/mauhe.com\/wp-content\/uploads\/2021\/08\/XIV_LA-MONJITA_PONCHE-TRADICIONAL_BOLSA-1360g_FRENTE.jpg","datePublished":"2021-08-10T00:53:00+00:00","dateModified":"2025-12-31T22:35:04+00:00","breadcrumb":{"@id":"https:\/\/mauhe.com\/producto\/ponche\/#breadcrumb"},"inLanguage":"en-US","potentialAction":[{"@type":"ReadAction","target":["https:\/\/mauhe.com\/producto\/ponche\/"]}]},{"@type":"ImageObject","inLanguage":"en-US","@id":"https:\/\/mauhe.com\/producto\/ponche\/#primaryimage","url":"https:\/\/mauhe.com\/wp-content\/uploads\/2021\/08\/XIV_LA-MONJITA_PONCHE-TRADICIONAL_BOLSA-1360g_FRENTE.jpg","contentUrl":"https:\/\/mauhe.com\/wp-content\/uploads\/2021\/08\/XIV_LA-MONJITA_PONCHE-TRADICIONAL_BOLSA-1360g_FRENTE.jpg","width":2000,"height":2000},{"@type":"BreadcrumbList","@id":"https:\/\/mauhe.com\/producto\/ponche\/#breadcrumb","itemListElement":[{"@type":"ListItem","position":1,"name":"Inicio","item":"https:\/\/mauhe.com\/"},{"@type":"ListItem","position":2,"name":"Tienda WEB","item":"https:\/\/mauhe.com\/tienda-web\/"},{"@type":"ListItem","position":3,"name":"Ponche Tradicional Mexicano La Monjita"}]},{"@type":"WebSite","@id":"https:\/\/mauhe.com\/#website","url":"https:\/\/mauhe.com\/","name":"Mauh\u00e9","description":"MauheStore","publisher":{"@id":"https:\/\/mauhe.com\/#organization"},"potentialAction":[{"@type":"SearchAction","target":{"@type":"EntryPoint","urlTemplate":"https:\/\/mauhe.com\/?s={search_term_string}"},"query-input":{"@type":"PropertyValueSpecification","valueRequired":true,"valueName":"search_term_string"}}],"inLanguage":"en-US"},{"@type":"Organization","@id":"https:\/\/mauhe.com\/#organization","name":"Mauh\u00e9","url":"https:\/\/mauhe.com\/","logo":{"@type":"ImageObject","inLanguage":"en-US","@id":"https:\/\/mauhe.com\/#\/schema\/logo\/image\/","url":"http:\/\/mauhe.com\/wp-content\/uploads\/2022\/02\/logo-factura2.png","contentUrl":"http:\/\/mauhe.com\/wp-content\/uploads\/2022\/02\/logo-factura2.png","width":652,"height":284,"caption":"Mauh\u00e9"},"image":{"@id":"https:\/\/mauhe.com\/#\/schema\/logo\/image\/"}}]}},"_links":{"self":[{"href":"https:\/\/mauhe.com\/en\/wp-json\/wp\/v2\/product\/3962","targetHints":{"allow":["GET"]}}],"collection":[{"href":"https:\/\/mauhe.com\/en\/wp-json\/wp\/v2\/product"}],"about":[{"href":"https:\/\/mauhe.com\/en\/wp-json\/wp\/v2\/types\/product"}],"replies":[{"embeddable":true,"href":"https:\/\/mauhe.com\/en\/wp-json\/wp\/v2\/comments?post=3962"}],"version-history":[{"count":3,"href":"https:\/\/mauhe.com\/en\/wp-json\/wp\/v2\/product\/3962\/revisions"}],"predecessor-version":[{"id":32987,"href":"https:\/\/mauhe.com\/en\/wp-json\/wp\/v2\/product\/3962\/revisions\/32987"}],"wp:featuredmedia":[{"embeddable":true,"href":"https:\/\/mauhe.com\/en\/wp-json\/wp\/v2\/media\/23043"}],"wp:attachment":[{"href":"https:\/\/mauhe.com\/en\/wp-json\/wp\/v2\/media?parent=3962"}],"wp:term":[{"taxonomy":"product_brand","embeddable":true,"href":"https:\/\/mauhe.com\/en\/wp-json\/wp\/v2\/product_brand?post=3962"},{"taxonomy":"product_cat","embeddable":true,"href":"https:\/\/mauhe.com\/en\/wp-json\/wp\/v2\/product_cat?post=3962"},{"taxonomy":"product_tag","embeddable":true,"href":"https:\/\/mauhe.com\/en\/wp-json\/wp\/v2\/product_tag?post=3962"}],"curies":[{"name":"wp","href":"https:\/\/api.w.org\/{rel}","templated":true}]}}