{"id":3841,"date":"2021-07-09T22:15:00","date_gmt":"2021-07-10T04:15:00","guid":{"rendered":"https:\/\/www.mauhe.axiskgdesarrollos.com\/?post_type=product&#038;p=3841"},"modified":"2025-12-31T13:44:19","modified_gmt":"2025-12-31T19:44:19","slug":"cappucino","status":"publish","type":"product","link":"https:\/\/mauhe.com\/en\/product\/cappucino\/","title":{"rendered":"Cappuccino &#8211; Coffee Bar"},"content":{"rendered":"<table cellspacing=\"0\" cellpadding=\"0\">\n<tbody>\n<tr>\n<td>Preparaci\u00f3n<\/td>\n<td colspan=\"3\" rowspan=\"1\">Recetas bebidas (8oz)<\/td>\n<td>Rendimiento en bebidas<\/td>\n<td>Otras aplicaciones<\/td>\n<\/tr>\n<tr>\n<td>Caliente<\/p>\n<p>Fr\u00edo<\/p>\n<p>Frapp\u00e9<\/td>\n<td><strong>Caliente <\/strong><\/p>\n<p>30-35g base<\/p>\n<p>8oz leche caliente<\/td>\n<td><strong>Fr\u00edo <\/strong><\/p>\n<p>30-35g base<\/p>\n<p>8oz leche<\/p>\n<p>Hielos<\/td>\n<td><strong>Frapp\u00e9 <\/strong><\/p>\n<p>30-35g base<\/p>\n<p>2oz leche<\/p>\n<p>6oz Hielos<\/td>\n<td>42 bebidas de 8 oz<\/td>\n<td>Cocteler\u00eda<\/p>\n<p>Panader\u00eda Postres<\/td>\n<\/tr>\n<\/tbody>\n<\/table>","protected":false},"excerpt":{"rendered":"<p>Este sabor es uno de los b\u00e1sicos. Con un delicioso sabor a caf\u00e9.<\/p>","protected":false},"featured_media":5882,"comment_status":"open","ping_status":"closed","template":"","meta":[],"product_brand":[],"product_cat":[23,27,47,111],"product_tag":[92,93,94],"class_list":{"0":"post-3841","1":"product","2":"type-product","3":"status-publish","4":"has-post-thumbnail","6":"product_cat-bases-para-frappe","7":"product_cat-cafe","8":"product_cat-coffee-bar","9":"product_cat-zaachila-gourmet","10":"product_tag-cocteleria","11":"product_tag-panaderia","12":"product_tag-postres","14":"first","15":"instock","16":"featured","17":"purchasable","18":"product-type-simple"},"yoast_head":"<!-- This site is optimized with the Yoast SEO plugin v26.5 - https:\/\/yoast.com\/wordpress\/plugins\/seo\/ -->\n<title>Cappuccino - Coffee Bar | Mauh\u00e9<\/title>\n<meta name=\"robots\" content=\"index, follow, max-snippet:-1, max-image-preview:large, max-video-preview:-1\" \/>\n<link rel=\"canonical\" href=\"https:\/\/mauhe.com\/en\/product\/cappucino\/\" \/>\n<meta property=\"og:locale\" content=\"en_US\" \/>\n<meta property=\"og:type\" content=\"article\" \/>\n<meta property=\"og:title\" content=\"Cappuccino - Coffee Bar | Mauh\u00e9\" \/>\n<meta property=\"og:description\" content=\"Este sabor es uno de los b\u00e1sicos. Con un delicioso sabor a caf\u00e9.\" \/>\n<meta property=\"og:url\" content=\"https:\/\/mauhe.com\/en\/product\/cappucino\/\" \/>\n<meta property=\"og:site_name\" content=\"Mauh\u00e9\" \/>\n<meta property=\"article:modified_time\" content=\"2025-12-31T19:44:19+00:00\" \/>\n<meta property=\"og:image\" content=\"https:\/\/mauhe.com\/wp-content\/uploads\/2021\/12\/XIV_ZAACHILA-GOURMET_COFFEE-BAR_CAPPUCCINO_FRENTE.jpg\" \/>\n\t<meta property=\"og:image:width\" content=\"1000\" \/>\n\t<meta property=\"og:image:height\" content=\"1000\" \/>\n\t<meta property=\"og:image:type\" content=\"image\/jpeg\" \/>\n<meta name=\"twitter:card\" content=\"summary_large_image\" \/>\n<meta name=\"twitter:label1\" content=\"Est. reading time\" \/>\n\t<meta name=\"twitter:data1\" content=\"1 minute\" \/>\n<script type=\"application\/ld+json\" class=\"yoast-schema-graph\">{\"@context\":\"https:\/\/schema.org\",\"@graph\":[{\"@type\":\"WebPage\",\"@id\":\"https:\/\/mauhe.com\/producto\/cappucino\/\",\"url\":\"https:\/\/mauhe.com\/producto\/cappucino\/\",\"name\":\"Cappuccino - Coffee Bar | Mauh\u00e9\",\"isPartOf\":{\"@id\":\"https:\/\/mauhe.com\/#website\"},\"primaryImageOfPage\":{\"@id\":\"https:\/\/mauhe.com\/producto\/cappucino\/#primaryimage\"},\"image\":{\"@id\":\"https:\/\/mauhe.com\/producto\/cappucino\/#primaryimage\"},\"thumbnailUrl\":\"https:\/\/mauhe.com\/wp-content\/uploads\/2021\/12\/XIV_ZAACHILA-GOURMET_COFFEE-BAR_CAPPUCCINO_FRENTE.jpg\",\"datePublished\":\"2021-07-10T04:15:00+00:00\",\"dateModified\":\"2025-12-31T19:44:19+00:00\",\"breadcrumb\":{\"@id\":\"https:\/\/mauhe.com\/producto\/cappucino\/#breadcrumb\"},\"inLanguage\":\"en-US\",\"potentialAction\":[{\"@type\":\"ReadAction\",\"target\":[\"https:\/\/mauhe.com\/producto\/cappucino\/\"]}]},{\"@type\":\"ImageObject\",\"inLanguage\":\"en-US\",\"@id\":\"https:\/\/mauhe.com\/producto\/cappucino\/#primaryimage\",\"url\":\"https:\/\/mauhe.com\/wp-content\/uploads\/2021\/12\/XIV_ZAACHILA-GOURMET_COFFEE-BAR_CAPPUCCINO_FRENTE.jpg\",\"contentUrl\":\"https:\/\/mauhe.com\/wp-content\/uploads\/2021\/12\/XIV_ZAACHILA-GOURMET_COFFEE-BAR_CAPPUCCINO_FRENTE.jpg\",\"width\":1000,\"height\":1000},{\"@type\":\"BreadcrumbList\",\"@id\":\"https:\/\/mauhe.com\/producto\/cappucino\/#breadcrumb\",\"itemListElement\":[{\"@type\":\"ListItem\",\"position\":1,\"name\":\"Inicio\",\"item\":\"https:\/\/mauhe.com\/\"},{\"@type\":\"ListItem\",\"position\":2,\"name\":\"Tienda WEB\",\"item\":\"https:\/\/mauhe.com\/tienda-web\/\"},{\"@type\":\"ListItem\",\"position\":3,\"name\":\"Cappuccino &#8211; Coffee Bar\"}]},{\"@type\":\"WebSite\",\"@id\":\"https:\/\/mauhe.com\/#website\",\"url\":\"https:\/\/mauhe.com\/\",\"name\":\"Mauh\u00e9\",\"description\":\"MauheStore\",\"publisher\":{\"@id\":\"https:\/\/mauhe.com\/#organization\"},\"potentialAction\":[{\"@type\":\"SearchAction\",\"target\":{\"@type\":\"EntryPoint\",\"urlTemplate\":\"https:\/\/mauhe.com\/?s={search_term_string}\"},\"query-input\":{\"@type\":\"PropertyValueSpecification\",\"valueRequired\":true,\"valueName\":\"search_term_string\"}}],\"inLanguage\":\"en-US\"},{\"@type\":\"Organization\",\"@id\":\"https:\/\/mauhe.com\/#organization\",\"name\":\"Mauh\u00e9\",\"url\":\"https:\/\/mauhe.com\/\",\"logo\":{\"@type\":\"ImageObject\",\"inLanguage\":\"en-US\",\"@id\":\"https:\/\/mauhe.com\/#\/schema\/logo\/image\/\",\"url\":\"http:\/\/mauhe.com\/wp-content\/uploads\/2022\/02\/logo-factura2.png\",\"contentUrl\":\"http:\/\/mauhe.com\/wp-content\/uploads\/2022\/02\/logo-factura2.png\",\"width\":652,\"height\":284,\"caption\":\"Mauh\u00e9\"},\"image\":{\"@id\":\"https:\/\/mauhe.com\/#\/schema\/logo\/image\/\"}}]}<\/script>\n<!-- \/ Yoast SEO plugin. -->","yoast_head_json":{"title":"Cappuccino - Coffee Bar | Mauh\u00e9","robots":{"index":"index","follow":"follow","max-snippet":"max-snippet:-1","max-image-preview":"max-image-preview:large","max-video-preview":"max-video-preview:-1"},"canonical":"https:\/\/mauhe.com\/en\/product\/cappucino\/","og_locale":"en_US","og_type":"article","og_title":"Cappuccino - Coffee Bar | Mauh\u00e9","og_description":"Este sabor es uno de los b\u00e1sicos. Con un delicioso sabor a caf\u00e9.","og_url":"https:\/\/mauhe.com\/en\/product\/cappucino\/","og_site_name":"Mauh\u00e9","article_modified_time":"2025-12-31T19:44:19+00:00","og_image":[{"width":1000,"height":1000,"url":"https:\/\/mauhe.com\/wp-content\/uploads\/2021\/12\/XIV_ZAACHILA-GOURMET_COFFEE-BAR_CAPPUCCINO_FRENTE.jpg","type":"image\/jpeg"}],"twitter_card":"summary_large_image","twitter_misc":{"Est. reading time":"1 minute"},"schema":{"@context":"https:\/\/schema.org","@graph":[{"@type":"WebPage","@id":"https:\/\/mauhe.com\/producto\/cappucino\/","url":"https:\/\/mauhe.com\/producto\/cappucino\/","name":"Cappuccino - Coffee Bar | Mauh\u00e9","isPartOf":{"@id":"https:\/\/mauhe.com\/#website"},"primaryImageOfPage":{"@id":"https:\/\/mauhe.com\/producto\/cappucino\/#primaryimage"},"image":{"@id":"https:\/\/mauhe.com\/producto\/cappucino\/#primaryimage"},"thumbnailUrl":"https:\/\/mauhe.com\/wp-content\/uploads\/2021\/12\/XIV_ZAACHILA-GOURMET_COFFEE-BAR_CAPPUCCINO_FRENTE.jpg","datePublished":"2021-07-10T04:15:00+00:00","dateModified":"2025-12-31T19:44:19+00:00","breadcrumb":{"@id":"https:\/\/mauhe.com\/producto\/cappucino\/#breadcrumb"},"inLanguage":"en-US","potentialAction":[{"@type":"ReadAction","target":["https:\/\/mauhe.com\/producto\/cappucino\/"]}]},{"@type":"ImageObject","inLanguage":"en-US","@id":"https:\/\/mauhe.com\/producto\/cappucino\/#primaryimage","url":"https:\/\/mauhe.com\/wp-content\/uploads\/2021\/12\/XIV_ZAACHILA-GOURMET_COFFEE-BAR_CAPPUCCINO_FRENTE.jpg","contentUrl":"https:\/\/mauhe.com\/wp-content\/uploads\/2021\/12\/XIV_ZAACHILA-GOURMET_COFFEE-BAR_CAPPUCCINO_FRENTE.jpg","width":1000,"height":1000},{"@type":"BreadcrumbList","@id":"https:\/\/mauhe.com\/producto\/cappucino\/#breadcrumb","itemListElement":[{"@type":"ListItem","position":1,"name":"Inicio","item":"https:\/\/mauhe.com\/"},{"@type":"ListItem","position":2,"name":"Tienda WEB","item":"https:\/\/mauhe.com\/tienda-web\/"},{"@type":"ListItem","position":3,"name":"Cappuccino &#8211; Coffee Bar"}]},{"@type":"WebSite","@id":"https:\/\/mauhe.com\/#website","url":"https:\/\/mauhe.com\/","name":"Mauh\u00e9","description":"MauheStore","publisher":{"@id":"https:\/\/mauhe.com\/#organization"},"potentialAction":[{"@type":"SearchAction","target":{"@type":"EntryPoint","urlTemplate":"https:\/\/mauhe.com\/?s={search_term_string}"},"query-input":{"@type":"PropertyValueSpecification","valueRequired":true,"valueName":"search_term_string"}}],"inLanguage":"en-US"},{"@type":"Organization","@id":"https:\/\/mauhe.com\/#organization","name":"Mauh\u00e9","url":"https:\/\/mauhe.com\/","logo":{"@type":"ImageObject","inLanguage":"en-US","@id":"https:\/\/mauhe.com\/#\/schema\/logo\/image\/","url":"http:\/\/mauhe.com\/wp-content\/uploads\/2022\/02\/logo-factura2.png","contentUrl":"http:\/\/mauhe.com\/wp-content\/uploads\/2022\/02\/logo-factura2.png","width":652,"height":284,"caption":"Mauh\u00e9"},"image":{"@id":"https:\/\/mauhe.com\/#\/schema\/logo\/image\/"}}]}},"_links":{"self":[{"href":"https:\/\/mauhe.com\/en\/wp-json\/wp\/v2\/product\/3841","targetHints":{"allow":["GET"]}}],"collection":[{"href":"https:\/\/mauhe.com\/en\/wp-json\/wp\/v2\/product"}],"about":[{"href":"https:\/\/mauhe.com\/en\/wp-json\/wp\/v2\/types\/product"}],"replies":[{"embeddable":true,"href":"https:\/\/mauhe.com\/en\/wp-json\/wp\/v2\/comments?post=3841"}],"version-history":[{"count":5,"href":"https:\/\/mauhe.com\/en\/wp-json\/wp\/v2\/product\/3841\/revisions"}],"predecessor-version":[{"id":18723,"href":"https:\/\/mauhe.com\/en\/wp-json\/wp\/v2\/product\/3841\/revisions\/18723"}],"wp:featuredmedia":[{"embeddable":true,"href":"https:\/\/mauhe.com\/en\/wp-json\/wp\/v2\/media\/5882"}],"wp:attachment":[{"href":"https:\/\/mauhe.com\/en\/wp-json\/wp\/v2\/media?parent=3841"}],"wp:term":[{"taxonomy":"product_brand","embeddable":true,"href":"https:\/\/mauhe.com\/en\/wp-json\/wp\/v2\/product_brand?post=3841"},{"taxonomy":"product_cat","embeddable":true,"href":"https:\/\/mauhe.com\/en\/wp-json\/wp\/v2\/product_cat?post=3841"},{"taxonomy":"product_tag","embeddable":true,"href":"https:\/\/mauhe.com\/en\/wp-json\/wp\/v2\/product_tag?post=3841"}],"curies":[{"name":"wp","href":"https:\/\/api.w.org\/{rel}","templated":true}]}}