{"id":24444,"date":"2024-03-11T09:16:08","date_gmt":"2024-03-11T15:16:08","guid":{"rendered":"https:\/\/mauhe.com\/?post_type=product&#038;p=24444"},"modified":"2025-12-31T13:00:01","modified_gmt":"2025-12-31T19:00:01","slug":"zaachila-gourmet-smoothie-mora-azul","status":"publish","type":"product","link":"https:\/\/mauhe.com\/en\/product\/zaachila-gourmet-smoothie-mora-azul\/","title":{"rendered":"Zaachila Gourmet Smoothie Mora Azul"},"content":{"rendered":"","protected":false},"excerpt":{"rendered":"<p>Refr\u00e9scate y divi\u00e9rtete como ni\u00f1o con este sabor que enamorar\u00e1 tus sentidos durante la temporada de calor<\/p>","protected":false},"featured_media":24446,"comment_status":"closed","ping_status":"closed","template":"","meta":[],"product_brand":[],"product_cat":[96,131,100,122,111],"product_tag":[],"class_list":{"0":"post-24444","1":"product","2":"type-product","3":"status-publish","4":"has-post-thumbnail","6":"product_cat-bases-para-smoothies","7":"product_cat-nuevo","8":"product_cat-smoothie","9":"product_cat-smoothie-zaachila-gourmet","10":"product_cat-zaachila-gourmet","12":"first","13":"instock","14":"purchasable","15":"product-type-simple"},"yoast_head":"<!-- This site is optimized with the Yoast SEO plugin v26.5 - https:\/\/yoast.com\/wordpress\/plugins\/seo\/ -->\n<title>Zaachila Gourmet Smoothie Mora Azul | Mauh\u00e9<\/title>\n<meta name=\"robots\" content=\"index, follow, max-snippet:-1, max-image-preview:large, max-video-preview:-1\" \/>\n<link rel=\"canonical\" href=\"https:\/\/mauhe.com\/en\/product\/zaachila-gourmet-smoothie-mora-azul\/\" \/>\n<meta property=\"og:locale\" content=\"en_US\" \/>\n<meta property=\"og:type\" content=\"article\" \/>\n<meta property=\"og:title\" content=\"Zaachila Gourmet Smoothie Mora Azul | Mauh\u00e9\" \/>\n<meta property=\"og:description\" content=\"Refr\u00e9scate y divi\u00e9rtete como ni\u00f1o con este sabor que enamorar\u00e1 tus sentidos durante la temporada de calor\" \/>\n<meta property=\"og:url\" content=\"https:\/\/mauhe.com\/en\/product\/zaachila-gourmet-smoothie-mora-azul\/\" \/>\n<meta property=\"og:site_name\" content=\"Mauh\u00e9\" \/>\n<meta property=\"article:modified_time\" content=\"2025-12-31T19:00:01+00:00\" \/>\n<meta property=\"og:image\" content=\"https:\/\/mauhe.com\/wp-content\/uploads\/2024\/03\/ALI_ZAACHILA-GOURMET_SMOOTHIE_MORA-AZUL_FRENTE.jpg\" \/>\n\t<meta property=\"og:image:width\" content=\"2000\" \/>\n\t<meta property=\"og:image:height\" content=\"2000\" \/>\n\t<meta property=\"og:image:type\" content=\"image\/jpeg\" \/>\n<meta name=\"twitter:card\" content=\"summary_large_image\" \/>\n<meta name=\"twitter:label1\" content=\"Est. reading time\" \/>\n\t<meta name=\"twitter:data1\" content=\"1 minute\" \/>\n<script type=\"application\/ld+json\" class=\"yoast-schema-graph\">{\"@context\":\"https:\/\/schema.org\",\"@graph\":[{\"@type\":\"WebPage\",\"@id\":\"https:\/\/mauhe.com\/producto\/zaachila-gourmet-smoothie-mora-azul\/\",\"url\":\"https:\/\/mauhe.com\/producto\/zaachila-gourmet-smoothie-mora-azul\/\",\"name\":\"Zaachila Gourmet Smoothie Mora Azul | Mauh\u00e9\",\"isPartOf\":{\"@id\":\"https:\/\/mauhe.com\/#website\"},\"primaryImageOfPage\":{\"@id\":\"https:\/\/mauhe.com\/producto\/zaachila-gourmet-smoothie-mora-azul\/#primaryimage\"},\"image\":{\"@id\":\"https:\/\/mauhe.com\/producto\/zaachila-gourmet-smoothie-mora-azul\/#primaryimage\"},\"thumbnailUrl\":\"https:\/\/mauhe.com\/wp-content\/uploads\/2024\/03\/ALI_ZAACHILA-GOURMET_SMOOTHIE_MORA-AZUL_FRENTE.jpg\",\"datePublished\":\"2024-03-11T15:16:08+00:00\",\"dateModified\":\"2025-12-31T19:00:01+00:00\",\"breadcrumb\":{\"@id\":\"https:\/\/mauhe.com\/producto\/zaachila-gourmet-smoothie-mora-azul\/#breadcrumb\"},\"inLanguage\":\"en-US\",\"potentialAction\":[{\"@type\":\"ReadAction\",\"target\":[\"https:\/\/mauhe.com\/producto\/zaachila-gourmet-smoothie-mora-azul\/\"]}]},{\"@type\":\"ImageObject\",\"inLanguage\":\"en-US\",\"@id\":\"https:\/\/mauhe.com\/producto\/zaachila-gourmet-smoothie-mora-azul\/#primaryimage\",\"url\":\"https:\/\/mauhe.com\/wp-content\/uploads\/2024\/03\/ALI_ZAACHILA-GOURMET_SMOOTHIE_MORA-AZUL_FRENTE.jpg\",\"contentUrl\":\"https:\/\/mauhe.com\/wp-content\/uploads\/2024\/03\/ALI_ZAACHILA-GOURMET_SMOOTHIE_MORA-AZUL_FRENTE.jpg\",\"width\":2000,\"height\":2000},{\"@type\":\"BreadcrumbList\",\"@id\":\"https:\/\/mauhe.com\/producto\/zaachila-gourmet-smoothie-mora-azul\/#breadcrumb\",\"itemListElement\":[{\"@type\":\"ListItem\",\"position\":1,\"name\":\"Inicio\",\"item\":\"https:\/\/mauhe.com\/\"},{\"@type\":\"ListItem\",\"position\":2,\"name\":\"Tienda WEB\",\"item\":\"https:\/\/mauhe.com\/tienda-web\/\"},{\"@type\":\"ListItem\",\"position\":3,\"name\":\"Zaachila Gourmet Smoothie Mora Azul\"}]},{\"@type\":\"WebSite\",\"@id\":\"https:\/\/mauhe.com\/#website\",\"url\":\"https:\/\/mauhe.com\/\",\"name\":\"Mauh\u00e9\",\"description\":\"MauheStore\",\"publisher\":{\"@id\":\"https:\/\/mauhe.com\/#organization\"},\"potentialAction\":[{\"@type\":\"SearchAction\",\"target\":{\"@type\":\"EntryPoint\",\"urlTemplate\":\"https:\/\/mauhe.com\/?s={search_term_string}\"},\"query-input\":{\"@type\":\"PropertyValueSpecification\",\"valueRequired\":true,\"valueName\":\"search_term_string\"}}],\"inLanguage\":\"en-US\"},{\"@type\":\"Organization\",\"@id\":\"https:\/\/mauhe.com\/#organization\",\"name\":\"Mauh\u00e9\",\"url\":\"https:\/\/mauhe.com\/\",\"logo\":{\"@type\":\"ImageObject\",\"inLanguage\":\"en-US\",\"@id\":\"https:\/\/mauhe.com\/#\/schema\/logo\/image\/\",\"url\":\"http:\/\/mauhe.com\/wp-content\/uploads\/2022\/02\/logo-factura2.png\",\"contentUrl\":\"http:\/\/mauhe.com\/wp-content\/uploads\/2022\/02\/logo-factura2.png\",\"width\":652,\"height\":284,\"caption\":\"Mauh\u00e9\"},\"image\":{\"@id\":\"https:\/\/mauhe.com\/#\/schema\/logo\/image\/\"}}]}<\/script>\n<!-- \/ Yoast SEO plugin. -->","yoast_head_json":{"title":"Zaachila Gourmet Smoothie Mora Azul | Mauh\u00e9","robots":{"index":"index","follow":"follow","max-snippet":"max-snippet:-1","max-image-preview":"max-image-preview:large","max-video-preview":"max-video-preview:-1"},"canonical":"https:\/\/mauhe.com\/en\/product\/zaachila-gourmet-smoothie-mora-azul\/","og_locale":"en_US","og_type":"article","og_title":"Zaachila Gourmet Smoothie Mora Azul | Mauh\u00e9","og_description":"Refr\u00e9scate y divi\u00e9rtete como ni\u00f1o con este sabor que enamorar\u00e1 tus sentidos durante la temporada de calor","og_url":"https:\/\/mauhe.com\/en\/product\/zaachila-gourmet-smoothie-mora-azul\/","og_site_name":"Mauh\u00e9","article_modified_time":"2025-12-31T19:00:01+00:00","og_image":[{"width":2000,"height":2000,"url":"https:\/\/mauhe.com\/wp-content\/uploads\/2024\/03\/ALI_ZAACHILA-GOURMET_SMOOTHIE_MORA-AZUL_FRENTE.jpg","type":"image\/jpeg"}],"twitter_card":"summary_large_image","twitter_misc":{"Est. reading time":"1 minute"},"schema":{"@context":"https:\/\/schema.org","@graph":[{"@type":"WebPage","@id":"https:\/\/mauhe.com\/producto\/zaachila-gourmet-smoothie-mora-azul\/","url":"https:\/\/mauhe.com\/producto\/zaachila-gourmet-smoothie-mora-azul\/","name":"Zaachila Gourmet Smoothie Mora Azul | Mauh\u00e9","isPartOf":{"@id":"https:\/\/mauhe.com\/#website"},"primaryImageOfPage":{"@id":"https:\/\/mauhe.com\/producto\/zaachila-gourmet-smoothie-mora-azul\/#primaryimage"},"image":{"@id":"https:\/\/mauhe.com\/producto\/zaachila-gourmet-smoothie-mora-azul\/#primaryimage"},"thumbnailUrl":"https:\/\/mauhe.com\/wp-content\/uploads\/2024\/03\/ALI_ZAACHILA-GOURMET_SMOOTHIE_MORA-AZUL_FRENTE.jpg","datePublished":"2024-03-11T15:16:08+00:00","dateModified":"2025-12-31T19:00:01+00:00","breadcrumb":{"@id":"https:\/\/mauhe.com\/producto\/zaachila-gourmet-smoothie-mora-azul\/#breadcrumb"},"inLanguage":"en-US","potentialAction":[{"@type":"ReadAction","target":["https:\/\/mauhe.com\/producto\/zaachila-gourmet-smoothie-mora-azul\/"]}]},{"@type":"ImageObject","inLanguage":"en-US","@id":"https:\/\/mauhe.com\/producto\/zaachila-gourmet-smoothie-mora-azul\/#primaryimage","url":"https:\/\/mauhe.com\/wp-content\/uploads\/2024\/03\/ALI_ZAACHILA-GOURMET_SMOOTHIE_MORA-AZUL_FRENTE.jpg","contentUrl":"https:\/\/mauhe.com\/wp-content\/uploads\/2024\/03\/ALI_ZAACHILA-GOURMET_SMOOTHIE_MORA-AZUL_FRENTE.jpg","width":2000,"height":2000},{"@type":"BreadcrumbList","@id":"https:\/\/mauhe.com\/producto\/zaachila-gourmet-smoothie-mora-azul\/#breadcrumb","itemListElement":[{"@type":"ListItem","position":1,"name":"Inicio","item":"https:\/\/mauhe.com\/"},{"@type":"ListItem","position":2,"name":"Tienda WEB","item":"https:\/\/mauhe.com\/tienda-web\/"},{"@type":"ListItem","position":3,"name":"Zaachila Gourmet Smoothie Mora Azul"}]},{"@type":"WebSite","@id":"https:\/\/mauhe.com\/#website","url":"https:\/\/mauhe.com\/","name":"Mauh\u00e9","description":"MauheStore","publisher":{"@id":"https:\/\/mauhe.com\/#organization"},"potentialAction":[{"@type":"SearchAction","target":{"@type":"EntryPoint","urlTemplate":"https:\/\/mauhe.com\/?s={search_term_string}"},"query-input":{"@type":"PropertyValueSpecification","valueRequired":true,"valueName":"search_term_string"}}],"inLanguage":"en-US"},{"@type":"Organization","@id":"https:\/\/mauhe.com\/#organization","name":"Mauh\u00e9","url":"https:\/\/mauhe.com\/","logo":{"@type":"ImageObject","inLanguage":"en-US","@id":"https:\/\/mauhe.com\/#\/schema\/logo\/image\/","url":"http:\/\/mauhe.com\/wp-content\/uploads\/2022\/02\/logo-factura2.png","contentUrl":"http:\/\/mauhe.com\/wp-content\/uploads\/2022\/02\/logo-factura2.png","width":652,"height":284,"caption":"Mauh\u00e9"},"image":{"@id":"https:\/\/mauhe.com\/#\/schema\/logo\/image\/"}}]}},"_links":{"self":[{"href":"https:\/\/mauhe.com\/en\/wp-json\/wp\/v2\/product\/24444","targetHints":{"allow":["GET"]}}],"collection":[{"href":"https:\/\/mauhe.com\/en\/wp-json\/wp\/v2\/product"}],"about":[{"href":"https:\/\/mauhe.com\/en\/wp-json\/wp\/v2\/types\/product"}],"replies":[{"embeddable":true,"href":"https:\/\/mauhe.com\/en\/wp-json\/wp\/v2\/comments?post=24444"}],"version-history":[{"count":2,"href":"https:\/\/mauhe.com\/en\/wp-json\/wp\/v2\/product\/24444\/revisions"}],"predecessor-version":[{"id":24448,"href":"https:\/\/mauhe.com\/en\/wp-json\/wp\/v2\/product\/24444\/revisions\/24448"}],"wp:featuredmedia":[{"embeddable":true,"href":"https:\/\/mauhe.com\/en\/wp-json\/wp\/v2\/media\/24446"}],"wp:attachment":[{"href":"https:\/\/mauhe.com\/en\/wp-json\/wp\/v2\/media?parent=24444"}],"wp:term":[{"taxonomy":"product_brand","embeddable":true,"href":"https:\/\/mauhe.com\/en\/wp-json\/wp\/v2\/product_brand?post=24444"},{"taxonomy":"product_cat","embeddable":true,"href":"https:\/\/mauhe.com\/en\/wp-json\/wp\/v2\/product_cat?post=24444"},{"taxonomy":"product_tag","embeddable":true,"href":"https:\/\/mauhe.com\/en\/wp-json\/wp\/v2\/product_tag?post=24444"}],"curies":[{"name":"wp","href":"https:\/\/api.w.org\/{rel}","templated":true}]}}