{"id":19905,"date":"2023-09-13T22:51:27","date_gmt":"2023-09-14T04:51:27","guid":{"rendered":"https:\/\/mauhe.com\/?post_type=product&#038;p=19905"},"modified":"2025-12-03T12:07:09","modified_gmt":"2025-12-03T18:07:09","slug":"my-perfect-blend-golden-milk-vainilla-250-g","status":"publish","type":"product","link":"https:\/\/mauhe.com\/en\/product\/my-perfect-blend-golden-milk-vainilla-250-g\/","title":{"rendered":"My Perfect Blend Golden Milk Vainilla 250 g"},"content":{"rendered":"<p>\u00a1Incorpora ingredientes en tu d\u00eda a d\u00eda como jam\u00e1s lo hubieras imaginado!<\/p>\n<p>Mezcla perfecta para agregar a cualquier receta como: licuados, postres, bowls, o como alternativa a la hora de beber caf\u00e9.<\/p>\n<p>\u00a1La Golden milk est\u00e1 lista para disfrutar, solo tienes que a\u00f1adir leche y listo!<\/p>\n<p>\u00bfQu\u00e9 encontrar\u00e1s?<\/p>\n<p>500 mg de Curcuminoides: Extractos activos provenientes de la c\u00farcuma<br \/>\nPiperina: Componente proveniente de la pimienta que mejora la biodisponibilidad de los curcuminoides.<\/p>\n<p>\u00a1Adem\u00e1s, est\u00e1 delicioso!<\/p>\n<p>SIN: Maltodextrina ni az\u00facares a\u00f1adidos.<\/p>\n<p>Modo de uso: A partir de los 12 a\u00f1os.<\/p>\n<p>1 cuchara medidora (13 g) en 240 ml de leche o bebida vegetal.<\/p>","protected":false},"excerpt":{"rendered":"<p>Deliciosa mezcla de c\u00farcuma, especias y fibra sabor vainilla. Perfecta para agregar a batidos, postres, bowls o una gran alternativa a la hora del cafecito.<\/p>","protected":false},"featured_media":19917,"comment_status":"closed","ping_status":"closed","template":"","meta":[],"product_brand":[],"product_cat":[168,163],"product_tag":[],"class_list":{"0":"post-19905","1":"product","2":"type-product","3":"status-publish","4":"has-post-thumbnail","6":"product_cat-healthy","7":"product_cat-my-perfect-shake","9":"first","10":"instock","11":"shipping-taxable","12":"purchasable","13":"product-type-simple"},"yoast_head":"<!-- This site is optimized with the Yoast SEO plugin v26.5 - https:\/\/yoast.com\/wordpress\/plugins\/seo\/ -->\n<title>My Perfect Blend Golden Milk Vainilla 250 g | Mauh\u00e9<\/title>\n<meta name=\"robots\" content=\"index, follow, max-snippet:-1, max-image-preview:large, max-video-preview:-1\" \/>\n<link rel=\"canonical\" href=\"https:\/\/mauhe.com\/en\/product\/my-perfect-blend-golden-milk-vainilla-250-g\/\" \/>\n<meta property=\"og:locale\" content=\"en_US\" \/>\n<meta property=\"og:type\" content=\"article\" \/>\n<meta property=\"og:title\" content=\"My Perfect Blend Golden Milk Vainilla 250 g | Mauh\u00e9\" \/>\n<meta property=\"og:description\" content=\"Deliciosa mezcla de c\u00farcuma, especias y fibra sabor vainilla. Perfecta para agregar a batidos, postres, bowls o una gran alternativa a la hora del cafecito.\" \/>\n<meta property=\"og:url\" content=\"https:\/\/mauhe.com\/en\/product\/my-perfect-blend-golden-milk-vainilla-250-g\/\" \/>\n<meta property=\"og:site_name\" content=\"Mauh\u00e9\" \/>\n<meta property=\"article:modified_time\" content=\"2025-12-03T18:07:09+00:00\" \/>\n<meta property=\"og:image\" content=\"https:\/\/mauhe.com\/wp-content\/uploads\/2023\/09\/XIV_MPB_GOLDEN-MILK_VAINILLA_BOLSA-250g_ISO-FRENTE-300x300-1.jpg\" \/>\n\t<meta property=\"og:image:width\" content=\"300\" \/>\n\t<meta property=\"og:image:height\" content=\"300\" \/>\n\t<meta property=\"og:image:type\" content=\"image\/jpeg\" \/>\n<meta name=\"twitter:card\" content=\"summary_large_image\" \/>\n<meta name=\"twitter:label1\" content=\"Est. reading time\" \/>\n\t<meta name=\"twitter:data1\" content=\"1 minute\" \/>\n<script type=\"application\/ld+json\" class=\"yoast-schema-graph\">{\"@context\":\"https:\/\/schema.org\",\"@graph\":[{\"@type\":\"WebPage\",\"@id\":\"https:\/\/mauhe.com\/producto\/my-perfect-blend-golden-milk-vainilla-250-g\/\",\"url\":\"https:\/\/mauhe.com\/producto\/my-perfect-blend-golden-milk-vainilla-250-g\/\",\"name\":\"My Perfect Blend Golden Milk Vainilla 250 g | Mauh\u00e9\",\"isPartOf\":{\"@id\":\"https:\/\/mauhe.com\/#website\"},\"primaryImageOfPage\":{\"@id\":\"https:\/\/mauhe.com\/producto\/my-perfect-blend-golden-milk-vainilla-250-g\/#primaryimage\"},\"image\":{\"@id\":\"https:\/\/mauhe.com\/producto\/my-perfect-blend-golden-milk-vainilla-250-g\/#primaryimage\"},\"thumbnailUrl\":\"https:\/\/mauhe.com\/wp-content\/uploads\/2023\/09\/XIV_MPB_GOLDEN-MILK_VAINILLA_BOLSA-250g_ISO-FRENTE-300x300-1.jpg\",\"datePublished\":\"2023-09-14T04:51:27+00:00\",\"dateModified\":\"2025-12-03T18:07:09+00:00\",\"breadcrumb\":{\"@id\":\"https:\/\/mauhe.com\/producto\/my-perfect-blend-golden-milk-vainilla-250-g\/#breadcrumb\"},\"inLanguage\":\"en-US\",\"potentialAction\":[{\"@type\":\"ReadAction\",\"target\":[\"https:\/\/mauhe.com\/producto\/my-perfect-blend-golden-milk-vainilla-250-g\/\"]}]},{\"@type\":\"ImageObject\",\"inLanguage\":\"en-US\",\"@id\":\"https:\/\/mauhe.com\/producto\/my-perfect-blend-golden-milk-vainilla-250-g\/#primaryimage\",\"url\":\"https:\/\/mauhe.com\/wp-content\/uploads\/2023\/09\/XIV_MPB_GOLDEN-MILK_VAINILLA_BOLSA-250g_ISO-FRENTE-300x300-1.jpg\",\"contentUrl\":\"https:\/\/mauhe.com\/wp-content\/uploads\/2023\/09\/XIV_MPB_GOLDEN-MILK_VAINILLA_BOLSA-250g_ISO-FRENTE-300x300-1.jpg\",\"width\":300,\"height\":300},{\"@type\":\"BreadcrumbList\",\"@id\":\"https:\/\/mauhe.com\/producto\/my-perfect-blend-golden-milk-vainilla-250-g\/#breadcrumb\",\"itemListElement\":[{\"@type\":\"ListItem\",\"position\":1,\"name\":\"Inicio\",\"item\":\"https:\/\/mauhe.com\/\"},{\"@type\":\"ListItem\",\"position\":2,\"name\":\"Tienda WEB\",\"item\":\"https:\/\/mauhe.com\/tienda-web\/\"},{\"@type\":\"ListItem\",\"position\":3,\"name\":\"My Perfect Blend Golden Milk Vainilla 250 g\"}]},{\"@type\":\"WebSite\",\"@id\":\"https:\/\/mauhe.com\/#website\",\"url\":\"https:\/\/mauhe.com\/\",\"name\":\"Mauh\u00e9\",\"description\":\"MauheStore\",\"publisher\":{\"@id\":\"https:\/\/mauhe.com\/#organization\"},\"potentialAction\":[{\"@type\":\"SearchAction\",\"target\":{\"@type\":\"EntryPoint\",\"urlTemplate\":\"https:\/\/mauhe.com\/?s={search_term_string}\"},\"query-input\":{\"@type\":\"PropertyValueSpecification\",\"valueRequired\":true,\"valueName\":\"search_term_string\"}}],\"inLanguage\":\"en-US\"},{\"@type\":\"Organization\",\"@id\":\"https:\/\/mauhe.com\/#organization\",\"name\":\"Mauh\u00e9\",\"url\":\"https:\/\/mauhe.com\/\",\"logo\":{\"@type\":\"ImageObject\",\"inLanguage\":\"en-US\",\"@id\":\"https:\/\/mauhe.com\/#\/schema\/logo\/image\/\",\"url\":\"http:\/\/mauhe.com\/wp-content\/uploads\/2022\/02\/logo-factura2.png\",\"contentUrl\":\"http:\/\/mauhe.com\/wp-content\/uploads\/2022\/02\/logo-factura2.png\",\"width\":652,\"height\":284,\"caption\":\"Mauh\u00e9\"},\"image\":{\"@id\":\"https:\/\/mauhe.com\/#\/schema\/logo\/image\/\"}}]}<\/script>\n<!-- \/ Yoast SEO plugin. -->","yoast_head_json":{"title":"My Perfect Blend Golden Milk Vainilla 250 g | Mauh\u00e9","robots":{"index":"index","follow":"follow","max-snippet":"max-snippet:-1","max-image-preview":"max-image-preview:large","max-video-preview":"max-video-preview:-1"},"canonical":"https:\/\/mauhe.com\/en\/product\/my-perfect-blend-golden-milk-vainilla-250-g\/","og_locale":"en_US","og_type":"article","og_title":"My Perfect Blend Golden Milk Vainilla 250 g | Mauh\u00e9","og_description":"Deliciosa mezcla de c\u00farcuma, especias y fibra sabor vainilla. Perfecta para agregar a batidos, postres, bowls o una gran alternativa a la hora del cafecito.","og_url":"https:\/\/mauhe.com\/en\/product\/my-perfect-blend-golden-milk-vainilla-250-g\/","og_site_name":"Mauh\u00e9","article_modified_time":"2025-12-03T18:07:09+00:00","og_image":[{"width":300,"height":300,"url":"https:\/\/mauhe.com\/wp-content\/uploads\/2023\/09\/XIV_MPB_GOLDEN-MILK_VAINILLA_BOLSA-250g_ISO-FRENTE-300x300-1.jpg","type":"image\/jpeg"}],"twitter_card":"summary_large_image","twitter_misc":{"Est. reading time":"1 minute"},"schema":{"@context":"https:\/\/schema.org","@graph":[{"@type":"WebPage","@id":"https:\/\/mauhe.com\/producto\/my-perfect-blend-golden-milk-vainilla-250-g\/","url":"https:\/\/mauhe.com\/producto\/my-perfect-blend-golden-milk-vainilla-250-g\/","name":"My Perfect Blend Golden Milk Vainilla 250 g | Mauh\u00e9","isPartOf":{"@id":"https:\/\/mauhe.com\/#website"},"primaryImageOfPage":{"@id":"https:\/\/mauhe.com\/producto\/my-perfect-blend-golden-milk-vainilla-250-g\/#primaryimage"},"image":{"@id":"https:\/\/mauhe.com\/producto\/my-perfect-blend-golden-milk-vainilla-250-g\/#primaryimage"},"thumbnailUrl":"https:\/\/mauhe.com\/wp-content\/uploads\/2023\/09\/XIV_MPB_GOLDEN-MILK_VAINILLA_BOLSA-250g_ISO-FRENTE-300x300-1.jpg","datePublished":"2023-09-14T04:51:27+00:00","dateModified":"2025-12-03T18:07:09+00:00","breadcrumb":{"@id":"https:\/\/mauhe.com\/producto\/my-perfect-blend-golden-milk-vainilla-250-g\/#breadcrumb"},"inLanguage":"en-US","potentialAction":[{"@type":"ReadAction","target":["https:\/\/mauhe.com\/producto\/my-perfect-blend-golden-milk-vainilla-250-g\/"]}]},{"@type":"ImageObject","inLanguage":"en-US","@id":"https:\/\/mauhe.com\/producto\/my-perfect-blend-golden-milk-vainilla-250-g\/#primaryimage","url":"https:\/\/mauhe.com\/wp-content\/uploads\/2023\/09\/XIV_MPB_GOLDEN-MILK_VAINILLA_BOLSA-250g_ISO-FRENTE-300x300-1.jpg","contentUrl":"https:\/\/mauhe.com\/wp-content\/uploads\/2023\/09\/XIV_MPB_GOLDEN-MILK_VAINILLA_BOLSA-250g_ISO-FRENTE-300x300-1.jpg","width":300,"height":300},{"@type":"BreadcrumbList","@id":"https:\/\/mauhe.com\/producto\/my-perfect-blend-golden-milk-vainilla-250-g\/#breadcrumb","itemListElement":[{"@type":"ListItem","position":1,"name":"Inicio","item":"https:\/\/mauhe.com\/"},{"@type":"ListItem","position":2,"name":"Tienda WEB","item":"https:\/\/mauhe.com\/tienda-web\/"},{"@type":"ListItem","position":3,"name":"My Perfect Blend Golden Milk Vainilla 250 g"}]},{"@type":"WebSite","@id":"https:\/\/mauhe.com\/#website","url":"https:\/\/mauhe.com\/","name":"Mauh\u00e9","description":"MauheStore","publisher":{"@id":"https:\/\/mauhe.com\/#organization"},"potentialAction":[{"@type":"SearchAction","target":{"@type":"EntryPoint","urlTemplate":"https:\/\/mauhe.com\/?s={search_term_string}"},"query-input":{"@type":"PropertyValueSpecification","valueRequired":true,"valueName":"search_term_string"}}],"inLanguage":"en-US"},{"@type":"Organization","@id":"https:\/\/mauhe.com\/#organization","name":"Mauh\u00e9","url":"https:\/\/mauhe.com\/","logo":{"@type":"ImageObject","inLanguage":"en-US","@id":"https:\/\/mauhe.com\/#\/schema\/logo\/image\/","url":"http:\/\/mauhe.com\/wp-content\/uploads\/2022\/02\/logo-factura2.png","contentUrl":"http:\/\/mauhe.com\/wp-content\/uploads\/2022\/02\/logo-factura2.png","width":652,"height":284,"caption":"Mauh\u00e9"},"image":{"@id":"https:\/\/mauhe.com\/#\/schema\/logo\/image\/"}}]}},"_links":{"self":[{"href":"https:\/\/mauhe.com\/en\/wp-json\/wp\/v2\/product\/19905","targetHints":{"allow":["GET"]}}],"collection":[{"href":"https:\/\/mauhe.com\/en\/wp-json\/wp\/v2\/product"}],"about":[{"href":"https:\/\/mauhe.com\/en\/wp-json\/wp\/v2\/types\/product"}],"replies":[{"embeddable":true,"href":"https:\/\/mauhe.com\/en\/wp-json\/wp\/v2\/comments?post=19905"}],"version-history":[{"count":2,"href":"https:\/\/mauhe.com\/en\/wp-json\/wp\/v2\/product\/19905\/revisions"}],"predecessor-version":[{"id":19935,"href":"https:\/\/mauhe.com\/en\/wp-json\/wp\/v2\/product\/19905\/revisions\/19935"}],"wp:featuredmedia":[{"embeddable":true,"href":"https:\/\/mauhe.com\/en\/wp-json\/wp\/v2\/media\/19917"}],"wp:attachment":[{"href":"https:\/\/mauhe.com\/en\/wp-json\/wp\/v2\/media?parent=19905"}],"wp:term":[{"taxonomy":"product_brand","embeddable":true,"href":"https:\/\/mauhe.com\/en\/wp-json\/wp\/v2\/product_brand?post=19905"},{"taxonomy":"product_cat","embeddable":true,"href":"https:\/\/mauhe.com\/en\/wp-json\/wp\/v2\/product_cat?post=19905"},{"taxonomy":"product_tag","embeddable":true,"href":"https:\/\/mauhe.com\/en\/wp-json\/wp\/v2\/product_tag?post=19905"}],"curies":[{"name":"wp","href":"https:\/\/api.w.org\/{rel}","templated":true}]}}