{"id":9431,"date":"2022-08-29T08:28:23","date_gmt":"2022-08-29T14:28:23","guid":{"rendered":"https:\/\/mauhe.com\/?page_id=9431"},"modified":"2022-08-29T08:38:21","modified_gmt":"2022-08-29T14:38:21","slug":"catalogo","status":"publish","type":"page","link":"https:\/\/mauhe.com\/en\/catalogo\/","title":{"rendered":"Cat\u00e1logo"},"content":{"rendered":"<div data-elementor-type=\"wp-page\" data-elementor-id=\"9431\" class=\"elementor elementor-9431\" data-elementor-post-type=\"page\">\n\t\t\t\t\t\t<section data-particle_enable=\"false\" data-particle-mobile-disabled=\"false\" class=\"elementor-section elementor-top-section elementor-element elementor-element-4455a66 elementor-section-boxed elementor-section-height-default elementor-section-height-default\" data-id=\"4455a66\" data-element_type=\"section\">\n\t\t\t\t\t\t<div class=\"elementor-container elementor-column-gap-default\">\n\t\t\t\t\t<div class=\"elementor-column elementor-col-100 elementor-top-column elementor-element elementor-element-9967c2f\" data-id=\"9967c2f\" data-element_type=\"column\">\n\t\t\t<div class=\"elementor-widget-wrap elementor-element-populated\">\n\t\t\t\t\t\t<div class=\"elementor-element elementor-element-be0ef60 elementor-widget elementor-widget-text-editor\" data-id=\"be0ef60\" data-element_type=\"widget\" data-widget_type=\"text-editor.default\">\n\t\t\t\t<div class=\"elementor-widget-container\">\n\t\t\t\t\t\t\t\t\t<p>Cat\u00e1logo<\/p>\t\t\t\t\t\t\t\t<\/div>\n\t\t\t\t<\/div>\n\t\t\t\t<div class=\"elementor-element elementor-element-adcca3a elementor-widget elementor-widget-image\" data-id=\"adcca3a\" data-element_type=\"widget\" data-widget_type=\"image.default\">\n\t\t\t\t<div class=\"elementor-widget-container\">\n\t\t\t\t\t\t\t\t\t\t\t\t\t\t\t<img fetchpriority=\"high\" decoding=\"async\" width=\"1304\" height=\"568\" src=\"https:\/\/mauhe.com\/wp-content\/uploads\/2022\/01\/XIV_MAUHE_LOGO_01.png\" class=\"attachment-full size-full wp-image-7279\" alt=\"\" srcset=\"https:\/\/mauhe.com\/wp-content\/uploads\/2022\/01\/XIV_MAUHE_LOGO_01.png 1304w, https:\/\/mauhe.com\/wp-content\/uploads\/2022\/01\/XIV_MAUHE_LOGO_01-600x261.png 600w, https:\/\/mauhe.com\/wp-content\/uploads\/2022\/01\/XIV_MAUHE_LOGO_01-300x131.png 300w, https:\/\/mauhe.com\/wp-content\/uploads\/2022\/01\/XIV_MAUHE_LOGO_01-1024x446.png 1024w, https:\/\/mauhe.com\/wp-content\/uploads\/2022\/01\/XIV_MAUHE_LOGO_01-768x335.png 768w\" sizes=\"(max-width: 1304px) 100vw, 1304px\" \/>\t\t\t\t\t\t\t\t\t\t\t\t\t\t\t<\/div>\n\t\t\t\t<\/div>\n\t\t\t\t\t<\/div>\n\t\t<\/div>\n\t\t\t\t\t<\/div>\n\t\t<\/section>\n\t\t\t\t<section data-particle_enable=\"false\" data-particle-mobile-disabled=\"false\" class=\"elementor-section elementor-top-section elementor-element elementor-element-cf9bebf elementor-section-boxed elementor-section-height-default elementor-section-height-default\" data-id=\"cf9bebf\" data-element_type=\"section\">\n\t\t\t\t\t\t<div class=\"elementor-container elementor-column-gap-default\">\n\t\t\t\t\t<div class=\"elementor-column elementor-col-100 elementor-top-column elementor-element elementor-element-936ad61\" data-id=\"936ad61\" data-element_type=\"column\">\n\t\t\t<div class=\"elementor-widget-wrap elementor-element-populated\">\n\t\t\t\t\t\t<div class=\"elementor-element elementor-element-13fb908 elementor-widget elementor-widget-pdf_viewer\" data-id=\"13fb908\" data-element_type=\"widget\" data-widget_type=\"pdf_viewer.default\">\n\t\t\t\t<div class=\"elementor-widget-container\">\n\t\t\t\t\t<iframe src=\"https:\/\/docs.google.com\/viewer?url=http:\/\/mauhe.com\/wp-content\/uploads\/2022\/08\/XIV_MAUHE_CATALOGO-DIGITAL_082522.pdf&amp;embedded=true\" style=\"display: block; margin-left: auto; margin-right: auto; width: 80%; height: 500px;\" frameborder=\"1\" marginheight=\"0px\" marginwidth=\"0px\" allowfullscreen><\/iframe>\t\t\t\t<\/div>\n\t\t\t\t<\/div>\n\t\t\t\t\t<\/div>\n\t\t<\/div>\n\t\t\t\t\t<\/div>\n\t\t<\/section>\n\t\t\t\t<\/div>","protected":false},"excerpt":{"rendered":"<p>Cat\u00e1logo<\/p>","protected":false},"author":6371,"featured_media":0,"parent":0,"menu_order":0,"comment_status":"closed","ping_status":"closed","template":"elementor_header_footer","meta":{"footnotes":""},"class_list":["post-9431","page","type-page","status-publish","hentry"],"yoast_head":"<!-- This site is optimized with the Yoast SEO plugin v26.5 - https:\/\/yoast.com\/wordpress\/plugins\/seo\/ -->\n<title>Cat\u00e1logo | Mauh\u00e9<\/title>\n<meta name=\"robots\" content=\"index, follow, max-snippet:-1, max-image-preview:large, max-video-preview:-1\" \/>\n<link rel=\"canonical\" href=\"https:\/\/mauhe.com\/en\/catalogo\/\" \/>\n<meta property=\"og:locale\" content=\"en_US\" \/>\n<meta property=\"og:type\" content=\"article\" \/>\n<meta property=\"og:title\" content=\"Cat\u00e1logo | Mauh\u00e9\" \/>\n<meta property=\"og:description\" content=\"Cat\u00e1logo\" \/>\n<meta property=\"og:url\" content=\"https:\/\/mauhe.com\/en\/catalogo\/\" \/>\n<meta property=\"og:site_name\" content=\"Mauh\u00e9\" \/>\n<meta property=\"article:modified_time\" content=\"2022-08-29T14:38:21+00:00\" \/>\n<meta property=\"og:image\" content=\"http:\/\/mauhe.com\/wp-content\/uploads\/2022\/01\/XIV_MAUHE_LOGO_01.png\" \/>\n<meta name=\"twitter:card\" content=\"summary_large_image\" \/>\n<meta name=\"twitter:label1\" content=\"Est. reading time\" \/>\n\t<meta name=\"twitter:data1\" content=\"1 minute\" \/>\n<script type=\"application\/ld+json\" class=\"yoast-schema-graph\">{\"@context\":\"https:\/\/schema.org\",\"@graph\":[{\"@type\":\"WebPage\",\"@id\":\"https:\/\/mauhe.com\/catalogo\/\",\"url\":\"https:\/\/mauhe.com\/catalogo\/\",\"name\":\"Cat\u00e1logo | Mauh\u00e9\",\"isPartOf\":{\"@id\":\"https:\/\/mauhe.com\/#website\"},\"primaryImageOfPage\":{\"@id\":\"https:\/\/mauhe.com\/catalogo\/#primaryimage\"},\"image\":{\"@id\":\"https:\/\/mauhe.com\/catalogo\/#primaryimage\"},\"thumbnailUrl\":\"http:\/\/mauhe.com\/wp-content\/uploads\/2022\/01\/XIV_MAUHE_LOGO_01.png\",\"datePublished\":\"2022-08-29T14:28:23+00:00\",\"dateModified\":\"2022-08-29T14:38:21+00:00\",\"breadcrumb\":{\"@id\":\"https:\/\/mauhe.com\/catalogo\/#breadcrumb\"},\"inLanguage\":\"en-US\",\"potentialAction\":[{\"@type\":\"ReadAction\",\"target\":[\"https:\/\/mauhe.com\/catalogo\/\"]}]},{\"@type\":\"ImageObject\",\"inLanguage\":\"en-US\",\"@id\":\"https:\/\/mauhe.com\/catalogo\/#primaryimage\",\"url\":\"http:\/\/mauhe.com\/wp-content\/uploads\/2022\/01\/XIV_MAUHE_LOGO_01.png\",\"contentUrl\":\"http:\/\/mauhe.com\/wp-content\/uploads\/2022\/01\/XIV_MAUHE_LOGO_01.png\"},{\"@type\":\"BreadcrumbList\",\"@id\":\"https:\/\/mauhe.com\/catalogo\/#breadcrumb\",\"itemListElement\":[{\"@type\":\"ListItem\",\"position\":1,\"name\":\"Inicio\",\"item\":\"https:\/\/mauhe.com\/\"},{\"@type\":\"ListItem\",\"position\":2,\"name\":\"Cat\u00e1logo\"}]},{\"@type\":\"WebSite\",\"@id\":\"https:\/\/mauhe.com\/#website\",\"url\":\"https:\/\/mauhe.com\/\",\"name\":\"Mauh\u00e9\",\"description\":\"MauheStore\",\"publisher\":{\"@id\":\"https:\/\/mauhe.com\/#organization\"},\"potentialAction\":[{\"@type\":\"SearchAction\",\"target\":{\"@type\":\"EntryPoint\",\"urlTemplate\":\"https:\/\/mauhe.com\/?s={search_term_string}\"},\"query-input\":{\"@type\":\"PropertyValueSpecification\",\"valueRequired\":true,\"valueName\":\"search_term_string\"}}],\"inLanguage\":\"en-US\"},{\"@type\":\"Organization\",\"@id\":\"https:\/\/mauhe.com\/#organization\",\"name\":\"Mauh\u00e9\",\"url\":\"https:\/\/mauhe.com\/\",\"logo\":{\"@type\":\"ImageObject\",\"inLanguage\":\"en-US\",\"@id\":\"https:\/\/mauhe.com\/#\/schema\/logo\/image\/\",\"url\":\"http:\/\/mauhe.com\/wp-content\/uploads\/2022\/02\/logo-factura2.png\",\"contentUrl\":\"http:\/\/mauhe.com\/wp-content\/uploads\/2022\/02\/logo-factura2.png\",\"width\":652,\"height\":284,\"caption\":\"Mauh\u00e9\"},\"image\":{\"@id\":\"https:\/\/mauhe.com\/#\/schema\/logo\/image\/\"}}]}<\/script>\n<!-- \/ Yoast SEO plugin. -->","yoast_head_json":{"title":"Cat\u00e1logo | Mauh\u00e9","robots":{"index":"index","follow":"follow","max-snippet":"max-snippet:-1","max-image-preview":"max-image-preview:large","max-video-preview":"max-video-preview:-1"},"canonical":"https:\/\/mauhe.com\/en\/catalogo\/","og_locale":"en_US","og_type":"article","og_title":"Cat\u00e1logo | Mauh\u00e9","og_description":"Cat\u00e1logo","og_url":"https:\/\/mauhe.com\/en\/catalogo\/","og_site_name":"Mauh\u00e9","article_modified_time":"2022-08-29T14:38:21+00:00","og_image":[{"url":"http:\/\/mauhe.com\/wp-content\/uploads\/2022\/01\/XIV_MAUHE_LOGO_01.png","type":"","width":"","height":""}],"twitter_card":"summary_large_image","twitter_misc":{"Est. reading time":"1 minute"},"schema":{"@context":"https:\/\/schema.org","@graph":[{"@type":"WebPage","@id":"https:\/\/mauhe.com\/catalogo\/","url":"https:\/\/mauhe.com\/catalogo\/","name":"Cat\u00e1logo | Mauh\u00e9","isPartOf":{"@id":"https:\/\/mauhe.com\/#website"},"primaryImageOfPage":{"@id":"https:\/\/mauhe.com\/catalogo\/#primaryimage"},"image":{"@id":"https:\/\/mauhe.com\/catalogo\/#primaryimage"},"thumbnailUrl":"http:\/\/mauhe.com\/wp-content\/uploads\/2022\/01\/XIV_MAUHE_LOGO_01.png","datePublished":"2022-08-29T14:28:23+00:00","dateModified":"2022-08-29T14:38:21+00:00","breadcrumb":{"@id":"https:\/\/mauhe.com\/catalogo\/#breadcrumb"},"inLanguage":"en-US","potentialAction":[{"@type":"ReadAction","target":["https:\/\/mauhe.com\/catalogo\/"]}]},{"@type":"ImageObject","inLanguage":"en-US","@id":"https:\/\/mauhe.com\/catalogo\/#primaryimage","url":"http:\/\/mauhe.com\/wp-content\/uploads\/2022\/01\/XIV_MAUHE_LOGO_01.png","contentUrl":"http:\/\/mauhe.com\/wp-content\/uploads\/2022\/01\/XIV_MAUHE_LOGO_01.png"},{"@type":"BreadcrumbList","@id":"https:\/\/mauhe.com\/catalogo\/#breadcrumb","itemListElement":[{"@type":"ListItem","position":1,"name":"Inicio","item":"https:\/\/mauhe.com\/"},{"@type":"ListItem","position":2,"name":"Cat\u00e1logo"}]},{"@type":"WebSite","@id":"https:\/\/mauhe.com\/#website","url":"https:\/\/mauhe.com\/","name":"Mauh\u00e9","description":"MauheStore","publisher":{"@id":"https:\/\/mauhe.com\/#organization"},"potentialAction":[{"@type":"SearchAction","target":{"@type":"EntryPoint","urlTemplate":"https:\/\/mauhe.com\/?s={search_term_string}"},"query-input":{"@type":"PropertyValueSpecification","valueRequired":true,"valueName":"search_term_string"}}],"inLanguage":"en-US"},{"@type":"Organization","@id":"https:\/\/mauhe.com\/#organization","name":"Mauh\u00e9","url":"https:\/\/mauhe.com\/","logo":{"@type":"ImageObject","inLanguage":"en-US","@id":"https:\/\/mauhe.com\/#\/schema\/logo\/image\/","url":"http:\/\/mauhe.com\/wp-content\/uploads\/2022\/02\/logo-factura2.png","contentUrl":"http:\/\/mauhe.com\/wp-content\/uploads\/2022\/02\/logo-factura2.png","width":652,"height":284,"caption":"Mauh\u00e9"},"image":{"@id":"https:\/\/mauhe.com\/#\/schema\/logo\/image\/"}}]}},"_links":{"self":[{"href":"https:\/\/mauhe.com\/en\/wp-json\/wp\/v2\/pages\/9431","targetHints":{"allow":["GET"]}}],"collection":[{"href":"https:\/\/mauhe.com\/en\/wp-json\/wp\/v2\/pages"}],"about":[{"href":"https:\/\/mauhe.com\/en\/wp-json\/wp\/v2\/types\/page"}],"author":[{"embeddable":true,"href":"https:\/\/mauhe.com\/en\/wp-json\/wp\/v2\/users\/6371"}],"replies":[{"embeddable":true,"href":"https:\/\/mauhe.com\/en\/wp-json\/wp\/v2\/comments?post=9431"}],"version-history":[{"count":13,"href":"https:\/\/mauhe.com\/en\/wp-json\/wp\/v2\/pages\/9431\/revisions"}],"predecessor-version":[{"id":9446,"href":"https:\/\/mauhe.com\/en\/wp-json\/wp\/v2\/pages\/9431\/revisions\/9446"}],"wp:attachment":[{"href":"https:\/\/mauhe.com\/en\/wp-json\/wp\/v2\/media?parent=9431"}],"curies":[{"name":"wp","href":"https:\/\/api.w.org\/{rel}","templated":true}]}}