{"id":6676,"date":"2022-02-20T03:28:37","date_gmt":"2022-02-20T09:28:37","guid":{"rendered":"https:\/\/mauhe.com\/?page_id=6676"},"modified":"2024-11-04T09:26:13","modified_gmt":"2024-11-04T15:26:13","slug":"transferencia","status":"publish","type":"page","link":"https:\/\/mauhe.com\/en\/transferencia\/","title":{"rendered":"transferencia"},"content":{"rendered":"<div data-elementor-type=\"wp-page\" data-elementor-id=\"6676\" class=\"elementor elementor-6676\" data-elementor-post-type=\"page\">\n\t\t\t\t\t\t<section data-particle_enable=\"false\" data-particle-mobile-disabled=\"false\" class=\"elementor-section elementor-top-section elementor-element elementor-element-d77f432 elementor-section-boxed elementor-section-height-default elementor-section-height-default\" data-id=\"d77f432\" data-element_type=\"section\">\n\t\t\t\t\t\t<div class=\"elementor-container elementor-column-gap-default\">\n\t\t\t\t\t<div class=\"elementor-column elementor-col-100 elementor-top-column elementor-element elementor-element-9bea41f\" data-id=\"9bea41f\" data-element_type=\"column\">\n\t\t\t<div class=\"elementor-widget-wrap elementor-element-populated\">\n\t\t\t\t\t\t<div class=\"elementor-element elementor-element-9fc4cde elementor-widget elementor-widget-heading\" data-id=\"9fc4cde\" data-element_type=\"widget\" data-widget_type=\"heading.default\">\n\t\t\t\t<div class=\"elementor-widget-container\">\n\t\t\t\t\t<h2 class=\"elementor-heading-title elementor-size-default\">Datos para transferencia bancaria<\/h2>\t\t\t\t<\/div>\n\t\t\t\t<\/div>\n\t\t\t\t<div class=\"elementor-element elementor-element-b20fffe elementor-widget elementor-widget-text-editor\" data-id=\"b20fffe\" data-element_type=\"widget\" data-widget_type=\"text-editor.default\">\n\t\t\t\t<div class=\"elementor-widget-container\">\n\t\t\t\t\t\t\t\t\t<p>Tu pedido no se procesar\u00e1 hasta que se haya recibido el importe en nuestra cuenta.<\/p><p>Una vez realizado el dep\u00f3sito, por favor env\u00eda tu comprobante a <span class=\"elementor-icon-list-text\">atencionaclientes@mauhe.com<\/span> para enviar lo antes posible tu pedido.<br \/>Recuerda IBAN en la Clabe interbancaria<\/p>\t\t\t\t\t\t\t\t<\/div>\n\t\t\t\t<\/div>\n\t\t\t\t<div class=\"elementor-element elementor-element-6cd9544 elementor-widget elementor-widget-text-editor\" data-id=\"6cd9544\" data-element_type=\"widget\" data-widget_type=\"text-editor.default\">\n\t\t\t\t<div class=\"elementor-widget-container\">\n\t\t\t\t\t\t\t\t\t<h2>Nuestros detalles bancarios<\/h2><h3>ALIFOZ S. A. DE C. V.:<\/h3><ul><li>Banco:\u00a0<strong>BANORTE<\/strong><\/li><li>N\u00famero de cuenta: <span style=\"color: #222222; font-family: Arial, Helvetica, sans-serif; font-size: small;\"><b>1160 5895 85<\/b><\/span><\/li><li>IBAN (Clabe): <b>072 180 011605 89585 8<\/b><\/li><\/ul>\t\t\t\t\t\t\t\t<\/div>\n\t\t\t\t<\/div>\n\t\t\t\t\t<\/div>\n\t\t<\/div>\n\t\t\t\t\t<\/div>\n\t\t<\/section>\n\t\t\t\t<\/div>","protected":false},"excerpt":{"rendered":"<p>Datos para transferencia bancaria Tu pedido no se procesar\u00e1 hasta que se haya recibido el importe en nuestra cuenta. Una vez realizado el dep\u00f3sito, por favor env\u00eda tu comprobante a atencionaclientes@mauhe.com para enviar lo antes posible tu pedido.Recuerda IBAN en la Clabe interbancaria Nuestros detalles bancarios ALIFOZ S. A. DE C. V.: Banco:\u00a0BANORTE N\u00famero de [&hellip;]<\/p>","protected":false},"author":6371,"featured_media":0,"parent":0,"menu_order":0,"comment_status":"closed","ping_status":"closed","template":"elementor_header_footer","meta":{"footnotes":""},"class_list":["post-6676","page","type-page","status-publish","hentry"],"yoast_head":"<!-- This site is optimized with the Yoast SEO plugin v26.5 - https:\/\/yoast.com\/wordpress\/plugins\/seo\/ -->\n<title>transferencia | Mauh\u00e9<\/title>\n<meta name=\"robots\" content=\"index, follow, max-snippet:-1, max-image-preview:large, max-video-preview:-1\" \/>\n<link rel=\"canonical\" href=\"https:\/\/mauhe.com\/en\/transferencia\/\" \/>\n<meta property=\"og:locale\" content=\"en_US\" \/>\n<meta property=\"og:type\" content=\"article\" \/>\n<meta property=\"og:title\" content=\"transferencia | Mauh\u00e9\" \/>\n<meta property=\"og:description\" content=\"Datos para transferencia bancaria Tu pedido no se procesar\u00e1 hasta que se haya recibido el importe en nuestra cuenta. Una vez realizado el dep\u00f3sito, por favor env\u00eda tu comprobante a atencionaclientes@mauhe.com para enviar lo antes posible tu pedido.Recuerda IBAN en la Clabe interbancaria Nuestros detalles bancarios ALIFOZ S. A. DE C. V.: Banco:\u00a0BANORTE N\u00famero de [&hellip;]\" \/>\n<meta property=\"og:url\" content=\"https:\/\/mauhe.com\/en\/transferencia\/\" \/>\n<meta property=\"og:site_name\" content=\"Mauh\u00e9\" \/>\n<meta property=\"article:modified_time\" content=\"2024-11-04T15:26:13+00:00\" \/>\n<meta name=\"twitter:card\" content=\"summary_large_image\" \/>\n<meta name=\"twitter:label1\" content=\"Est. reading time\" \/>\n\t<meta name=\"twitter:data1\" content=\"1 minute\" \/>\n<script type=\"application\/ld+json\" class=\"yoast-schema-graph\">{\"@context\":\"https:\/\/schema.org\",\"@graph\":[{\"@type\":\"WebPage\",\"@id\":\"https:\/\/mauhe.com\/transferencia\/\",\"url\":\"https:\/\/mauhe.com\/transferencia\/\",\"name\":\"transferencia | Mauh\u00e9\",\"isPartOf\":{\"@id\":\"https:\/\/mauhe.com\/#website\"},\"datePublished\":\"2022-02-20T09:28:37+00:00\",\"dateModified\":\"2024-11-04T15:26:13+00:00\",\"breadcrumb\":{\"@id\":\"https:\/\/mauhe.com\/transferencia\/#breadcrumb\"},\"inLanguage\":\"en-US\",\"potentialAction\":[{\"@type\":\"ReadAction\",\"target\":[\"https:\/\/mauhe.com\/transferencia\/\"]}]},{\"@type\":\"BreadcrumbList\",\"@id\":\"https:\/\/mauhe.com\/transferencia\/#breadcrumb\",\"itemListElement\":[{\"@type\":\"ListItem\",\"position\":1,\"name\":\"Inicio\",\"item\":\"https:\/\/mauhe.com\/\"},{\"@type\":\"ListItem\",\"position\":2,\"name\":\"transferencia\"}]},{\"@type\":\"WebSite\",\"@id\":\"https:\/\/mauhe.com\/#website\",\"url\":\"https:\/\/mauhe.com\/\",\"name\":\"Mauh\u00e9\",\"description\":\"MauheStore\",\"publisher\":{\"@id\":\"https:\/\/mauhe.com\/#organization\"},\"potentialAction\":[{\"@type\":\"SearchAction\",\"target\":{\"@type\":\"EntryPoint\",\"urlTemplate\":\"https:\/\/mauhe.com\/?s={search_term_string}\"},\"query-input\":{\"@type\":\"PropertyValueSpecification\",\"valueRequired\":true,\"valueName\":\"search_term_string\"}}],\"inLanguage\":\"en-US\"},{\"@type\":\"Organization\",\"@id\":\"https:\/\/mauhe.com\/#organization\",\"name\":\"Mauh\u00e9\",\"url\":\"https:\/\/mauhe.com\/\",\"logo\":{\"@type\":\"ImageObject\",\"inLanguage\":\"en-US\",\"@id\":\"https:\/\/mauhe.com\/#\/schema\/logo\/image\/\",\"url\":\"http:\/\/mauhe.com\/wp-content\/uploads\/2022\/02\/logo-factura2.png\",\"contentUrl\":\"http:\/\/mauhe.com\/wp-content\/uploads\/2022\/02\/logo-factura2.png\",\"width\":652,\"height\":284,\"caption\":\"Mauh\u00e9\"},\"image\":{\"@id\":\"https:\/\/mauhe.com\/#\/schema\/logo\/image\/\"}}]}<\/script>\n<!-- \/ Yoast SEO plugin. -->","yoast_head_json":{"title":"transferencia | Mauh\u00e9","robots":{"index":"index","follow":"follow","max-snippet":"max-snippet:-1","max-image-preview":"max-image-preview:large","max-video-preview":"max-video-preview:-1"},"canonical":"https:\/\/mauhe.com\/en\/transferencia\/","og_locale":"en_US","og_type":"article","og_title":"transferencia | Mauh\u00e9","og_description":"Datos para transferencia bancaria Tu pedido no se procesar\u00e1 hasta que se haya recibido el importe en nuestra cuenta. Una vez realizado el dep\u00f3sito, por favor env\u00eda tu comprobante a atencionaclientes@mauhe.com para enviar lo antes posible tu pedido.Recuerda IBAN en la Clabe interbancaria Nuestros detalles bancarios ALIFOZ S. A. DE C. V.: Banco:\u00a0BANORTE N\u00famero de [&hellip;]","og_url":"https:\/\/mauhe.com\/en\/transferencia\/","og_site_name":"Mauh\u00e9","article_modified_time":"2024-11-04T15:26:13+00:00","twitter_card":"summary_large_image","twitter_misc":{"Est. reading time":"1 minute"},"schema":{"@context":"https:\/\/schema.org","@graph":[{"@type":"WebPage","@id":"https:\/\/mauhe.com\/transferencia\/","url":"https:\/\/mauhe.com\/transferencia\/","name":"transferencia | Mauh\u00e9","isPartOf":{"@id":"https:\/\/mauhe.com\/#website"},"datePublished":"2022-02-20T09:28:37+00:00","dateModified":"2024-11-04T15:26:13+00:00","breadcrumb":{"@id":"https:\/\/mauhe.com\/transferencia\/#breadcrumb"},"inLanguage":"en-US","potentialAction":[{"@type":"ReadAction","target":["https:\/\/mauhe.com\/transferencia\/"]}]},{"@type":"BreadcrumbList","@id":"https:\/\/mauhe.com\/transferencia\/#breadcrumb","itemListElement":[{"@type":"ListItem","position":1,"name":"Inicio","item":"https:\/\/mauhe.com\/"},{"@type":"ListItem","position":2,"name":"transferencia"}]},{"@type":"WebSite","@id":"https:\/\/mauhe.com\/#website","url":"https:\/\/mauhe.com\/","name":"Mauh\u00e9","description":"MauheStore","publisher":{"@id":"https:\/\/mauhe.com\/#organization"},"potentialAction":[{"@type":"SearchAction","target":{"@type":"EntryPoint","urlTemplate":"https:\/\/mauhe.com\/?s={search_term_string}"},"query-input":{"@type":"PropertyValueSpecification","valueRequired":true,"valueName":"search_term_string"}}],"inLanguage":"en-US"},{"@type":"Organization","@id":"https:\/\/mauhe.com\/#organization","name":"Mauh\u00e9","url":"https:\/\/mauhe.com\/","logo":{"@type":"ImageObject","inLanguage":"en-US","@id":"https:\/\/mauhe.com\/#\/schema\/logo\/image\/","url":"http:\/\/mauhe.com\/wp-content\/uploads\/2022\/02\/logo-factura2.png","contentUrl":"http:\/\/mauhe.com\/wp-content\/uploads\/2022\/02\/logo-factura2.png","width":652,"height":284,"caption":"Mauh\u00e9"},"image":{"@id":"https:\/\/mauhe.com\/#\/schema\/logo\/image\/"}}]}},"_links":{"self":[{"href":"https:\/\/mauhe.com\/en\/wp-json\/wp\/v2\/pages\/6676","targetHints":{"allow":["GET"]}}],"collection":[{"href":"https:\/\/mauhe.com\/en\/wp-json\/wp\/v2\/pages"}],"about":[{"href":"https:\/\/mauhe.com\/en\/wp-json\/wp\/v2\/types\/page"}],"author":[{"embeddable":true,"href":"https:\/\/mauhe.com\/en\/wp-json\/wp\/v2\/users\/6371"}],"replies":[{"embeddable":true,"href":"https:\/\/mauhe.com\/en\/wp-json\/wp\/v2\/comments?post=6676"}],"version-history":[{"count":22,"href":"https:\/\/mauhe.com\/en\/wp-json\/wp\/v2\/pages\/6676\/revisions"}],"predecessor-version":[{"id":32530,"href":"https:\/\/mauhe.com\/en\/wp-json\/wp\/v2\/pages\/6676\/revisions\/32530"}],"wp:attachment":[{"href":"https:\/\/mauhe.com\/en\/wp-json\/wp\/v2\/media?parent=6676"}],"curies":[{"name":"wp","href":"https:\/\/api.w.org\/{rel}","templated":true}]}}