{"id":43,"date":"2017-12-17T10:06:43","date_gmt":"2017-12-17T10:06:43","guid":{"rendered":"https:\/\/www.mauhe.axiskgdesarrollos.com\/about\/"},"modified":"2025-12-03T14:12:47","modified_gmt":"2025-12-03T20:12:47","slug":"quienes-somos","status":"publish","type":"page","link":"https:\/\/mauhe.com\/en\/quienes-somos\/","title":{"rendered":"Qui\u00e9nes somos"},"content":{"rendered":"<div data-elementor-type=\"wp-post\" data-elementor-id=\"43\" class=\"elementor elementor-43\" data-elementor-post-type=\"page\">\n\t\t\t\t\t\t<section data-particle_enable=\"false\" data-particle-mobile-disabled=\"false\" class=\"elementor-section elementor-top-section elementor-element elementor-element-9fca032 elementor-section-full_width elementor-section-stretched elementor-section-height-default elementor-section-height-default\" data-id=\"9fca032\" data-element_type=\"section\" data-settings=\"{&quot;stretch_section&quot;:&quot;section-stretched&quot;}\">\n\t\t\t\t\t\t<div class=\"elementor-container elementor-column-gap-no\">\n\t\t\t\t\t<div class=\"elementor-column elementor-col-100 elementor-top-column elementor-element elementor-element-02d3663\" data-id=\"02d3663\" data-element_type=\"column\">\n\t\t\t<div class=\"elementor-widget-wrap elementor-element-populated\">\n\t\t\t\t\t\t<div class=\"elementor-element elementor-element-fbc3afb elementor-widget elementor-widget-image\" data-id=\"fbc3afb\" data-element_type=\"widget\" data-widget_type=\"image.default\">\n\t\t\t\t<div class=\"elementor-widget-container\">\n\t\t\t\t\t\t\t\t\t\t\t\t\t\t\t<img fetchpriority=\"high\" decoding=\"async\" width=\"1920\" height=\"500\" src=\"https:\/\/mauhe.com\/wp-content\/uploads\/2025\/12\/ALI_MAUHE_TITULO_QUIENES_SOMOS_1920X500.jpg\" class=\"attachment-full size-full wp-image-41902\" alt=\"\" srcset=\"https:\/\/mauhe.com\/wp-content\/uploads\/2025\/12\/ALI_MAUHE_TITULO_QUIENES_SOMOS_1920X500.jpg 1920w, https:\/\/mauhe.com\/wp-content\/uploads\/2025\/12\/ALI_MAUHE_TITULO_QUIENES_SOMOS_1920X500-300x78.jpg 300w, https:\/\/mauhe.com\/wp-content\/uploads\/2025\/12\/ALI_MAUHE_TITULO_QUIENES_SOMOS_1920X500-1024x267.jpg 1024w, https:\/\/mauhe.com\/wp-content\/uploads\/2025\/12\/ALI_MAUHE_TITULO_QUIENES_SOMOS_1920X500-768x200.jpg 768w, https:\/\/mauhe.com\/wp-content\/uploads\/2025\/12\/ALI_MAUHE_TITULO_QUIENES_SOMOS_1920X500-1536x400.jpg 1536w, https:\/\/mauhe.com\/wp-content\/uploads\/2025\/12\/ALI_MAUHE_TITULO_QUIENES_SOMOS_1920X500-18x5.jpg 18w, https:\/\/mauhe.com\/wp-content\/uploads\/2025\/12\/ALI_MAUHE_TITULO_QUIENES_SOMOS_1920X500-600x156.jpg 600w\" sizes=\"(max-width: 1920px) 100vw, 1920px\" \/>\t\t\t\t\t\t\t\t\t\t\t\t\t\t\t<\/div>\n\t\t\t\t<\/div>\n\t\t\t\t\t<\/div>\n\t\t<\/div>\n\t\t\t\t\t<\/div>\n\t\t<\/section>\n\t\t\t\t<section data-particle_enable=\"false\" data-particle-mobile-disabled=\"false\" class=\"elementor-section elementor-top-section elementor-element elementor-element-d28c655 elementor-reverse-tablet elementor-reverse-mobile elementor-section-boxed elementor-section-height-default elementor-section-height-default\" data-id=\"d28c655\" data-element_type=\"section\">\n\t\t\t\t\t\t<div class=\"elementor-container elementor-column-gap-default\">\n\t\t\t\t\t<div class=\"elementor-column elementor-col-100 elementor-top-column elementor-element elementor-element-997bde8\" data-id=\"997bde8\" data-element_type=\"column\" data-settings=\"{&quot;background_background&quot;:&quot;classic&quot;}\">\n\t\t\t<div class=\"elementor-widget-wrap elementor-element-populated\">\n\t\t\t\t\t\t<section data-particle_enable=\"false\" data-particle-mobile-disabled=\"false\" class=\"elementor-section elementor-inner-section elementor-element elementor-element-83b3443 elementor-section-full_width elementor-section-content-middle elementor-section-height-min-height elementor-section-height-default\" data-id=\"83b3443\" data-element_type=\"section\">\n\t\t\t\t\t\t<div class=\"elementor-container elementor-column-gap-no\">\n\t\t\t\t\t<div class=\"elementor-column elementor-col-100 elementor-inner-column elementor-element elementor-element-fe6e6ed\" data-id=\"fe6e6ed\" data-element_type=\"column\" data-settings=\"{&quot;background_background&quot;:&quot;classic&quot;}\">\n\t\t\t<div class=\"elementor-widget-wrap elementor-element-populated\">\n\t\t\t\t\t\t<div class=\"elementor-element elementor-element-653f0c9 elementor-widget elementor-widget-text-editor\" data-id=\"653f0c9\" data-element_type=\"widget\" data-widget_type=\"text-editor.default\">\n\t\t\t\t<div class=\"elementor-widget-container\">\n\t\t\t\t\t\t\t\t\t<p>En Mauh\u00e9 encontrar\u00e1s productos para que cada bebida puede ser una experiencia memorable.<\/p><p><br \/>Desde hace m\u00e1s de una d\u00e9cada, ofrecemos bases y mezclas que combinan practicidad, sabor y calidad para negocios del sector gastron\u00f3mico, cafeter\u00edas y marcas privadas.<\/p><p><br \/>Nuestra atenci\u00f3n cercana, ayuda a que cada cliente encuentre en nosotros un aliado estrat\u00e9gico y no solo un proveedor.<\/p><p><br \/>Nuestra innovaci\u00f3n constante nos permite ampliar nuestro portafolio con nuevas l\u00edneas, sabores y soluciones que se adaptan a las tendencias del mercado y a las necesidades de nuestros socios.<\/p><p><br \/>Porque en Mauh\u00e9, hacer bebidas es mucho m\u00e1s que mezclar ingredientes: es crear momentos, experiencias y oportunidades de crecimiento.<\/p>\t\t\t\t\t\t\t\t<\/div>\n\t\t\t\t<\/div>\n\t\t\t\t\t<\/div>\n\t\t<\/div>\n\t\t\t\t\t<\/div>\n\t\t<\/section>\n\t\t\t\t\t<\/div>\n\t\t<\/div>\n\t\t\t\t\t<\/div>\n\t\t<\/section>\n\t\t\t\t<section data-particle_enable=\"false\" data-particle-mobile-disabled=\"false\" class=\"elementor-section elementor-top-section elementor-element elementor-element-7584879 elementor-section-full_width elementor-section-stretched elementor-section-height-default elementor-section-height-default\" data-id=\"7584879\" data-element_type=\"section\" data-settings=\"{&quot;stretch_section&quot;:&quot;section-stretched&quot;}\">\n\t\t\t\t\t\t<div class=\"elementor-container elementor-column-gap-no\">\n\t\t\t\t\t<div class=\"elementor-column elementor-col-100 elementor-top-column elementor-element elementor-element-d5077b6\" data-id=\"d5077b6\" data-element_type=\"column\">\n\t\t\t<div class=\"elementor-widget-wrap elementor-element-populated\">\n\t\t\t\t\t\t<div class=\"elementor-element elementor-element-7323101 elementor-widget elementor-widget-image\" data-id=\"7323101\" data-element_type=\"widget\" data-widget_type=\"image.default\">\n\t\t\t\t<div class=\"elementor-widget-container\">\n\t\t\t\t\t\t\t\t\t\t\t\t\t\t\t<img decoding=\"async\" width=\"2345\" height=\"645\" src=\"https:\/\/mauhe.com\/wp-content\/uploads\/2025\/12\/ALI_MAUHE_GH_QUIENES_SOMOS_2345X645.jpg\" class=\"attachment-full size-full wp-image-41903\" alt=\"\" srcset=\"https:\/\/mauhe.com\/wp-content\/uploads\/2025\/12\/ALI_MAUHE_GH_QUIENES_SOMOS_2345X645.jpg 2345w, https:\/\/mauhe.com\/wp-content\/uploads\/2025\/12\/ALI_MAUHE_GH_QUIENES_SOMOS_2345X645-300x83.jpg 300w, https:\/\/mauhe.com\/wp-content\/uploads\/2025\/12\/ALI_MAUHE_GH_QUIENES_SOMOS_2345X645-1024x282.jpg 1024w, https:\/\/mauhe.com\/wp-content\/uploads\/2025\/12\/ALI_MAUHE_GH_QUIENES_SOMOS_2345X645-768x211.jpg 768w, https:\/\/mauhe.com\/wp-content\/uploads\/2025\/12\/ALI_MAUHE_GH_QUIENES_SOMOS_2345X645-1536x422.jpg 1536w, https:\/\/mauhe.com\/wp-content\/uploads\/2025\/12\/ALI_MAUHE_GH_QUIENES_SOMOS_2345X645-2048x563.jpg 2048w, https:\/\/mauhe.com\/wp-content\/uploads\/2025\/12\/ALI_MAUHE_GH_QUIENES_SOMOS_2345X645-18x5.jpg 18w, https:\/\/mauhe.com\/wp-content\/uploads\/2025\/12\/ALI_MAUHE_GH_QUIENES_SOMOS_2345X645-600x165.jpg 600w\" sizes=\"(max-width: 2345px) 100vw, 2345px\" \/>\t\t\t\t\t\t\t\t\t\t\t\t\t\t\t<\/div>\n\t\t\t\t<\/div>\n\t\t\t\t\t<\/div>\n\t\t<\/div>\n\t\t\t\t\t<\/div>\n\t\t<\/section>\n\t\t\t\t<section data-particle_enable=\"false\" data-particle-mobile-disabled=\"false\" class=\"elementor-section elementor-top-section elementor-element elementor-element-49e01930 elementor-section-boxed elementor-section-height-default elementor-section-height-default\" data-id=\"49e01930\" data-element_type=\"section\" data-settings=\"{&quot;background_background&quot;:&quot;classic&quot;}\">\n\t\t\t\t\t\t<div class=\"elementor-container elementor-column-gap-default\">\n\t\t\t\t\t<div class=\"elementor-column elementor-col-100 elementor-top-column elementor-element elementor-element-3c2fe6a8\" data-id=\"3c2fe6a8\" data-element_type=\"column\">\n\t\t\t<div class=\"elementor-widget-wrap elementor-element-populated\">\n\t\t\t\t\t\t<section data-particle_enable=\"false\" data-particle-mobile-disabled=\"false\" class=\"elementor-section elementor-inner-section elementor-element elementor-element-82da773 elementor-section-boxed elementor-section-height-default elementor-section-height-default\" data-id=\"82da773\" data-element_type=\"section\">\n\t\t\t\t\t\t<div class=\"elementor-container elementor-column-gap-default\">\n\t\t\t\t\t<div class=\"elementor-column elementor-col-50 elementor-inner-column elementor-element elementor-element-4ba41d62\" data-id=\"4ba41d62\" data-element_type=\"column\" data-settings=\"{&quot;background_background&quot;:&quot;classic&quot;}\">\n\t\t\t<div class=\"elementor-widget-wrap elementor-element-populated\">\n\t\t\t\t\t\t<div class=\"elementor-element elementor-element-ed12974 elementor-widget elementor-widget-image\" data-id=\"ed12974\" data-element_type=\"widget\" data-widget_type=\"image.default\">\n\t\t\t\t<div class=\"elementor-widget-container\">\n\t\t\t\t\t\t\t\t\t\t\t\t\t\t\t<img decoding=\"async\" width=\"709\" height=\"282\" src=\"https:\/\/mauhe.com\/wp-content\/uploads\/2025\/12\/BANNER_709X282_2.jpg\" class=\"attachment-large size-large wp-image-41895\" alt=\"\" srcset=\"https:\/\/mauhe.com\/wp-content\/uploads\/2025\/12\/BANNER_709X282_2.jpg 709w, https:\/\/mauhe.com\/wp-content\/uploads\/2025\/12\/BANNER_709X282_2-300x119.jpg 300w, https:\/\/mauhe.com\/wp-content\/uploads\/2025\/12\/BANNER_709X282_2-18x7.jpg 18w, https:\/\/mauhe.com\/wp-content\/uploads\/2025\/12\/BANNER_709X282_2-600x239.jpg 600w\" sizes=\"(max-width: 709px) 100vw, 709px\" \/>\t\t\t\t\t\t\t\t\t\t\t\t\t\t\t<\/div>\n\t\t\t\t<\/div>\n\t\t\t\t\t<\/div>\n\t\t<\/div>\n\t\t\t\t<div class=\"elementor-column elementor-col-50 elementor-inner-column elementor-element elementor-element-771f8208\" data-id=\"771f8208\" data-element_type=\"column\" data-settings=\"{&quot;background_background&quot;:&quot;classic&quot;}\">\n\t\t\t<div class=\"elementor-widget-wrap elementor-element-populated\">\n\t\t\t\t\t\t<div class=\"elementor-element elementor-element-1caaba0 elementor-widget elementor-widget-image\" data-id=\"1caaba0\" data-element_type=\"widget\" data-widget_type=\"image.default\">\n\t\t\t\t<div class=\"elementor-widget-container\">\n\t\t\t\t\t\t\t\t\t\t\t\t\t\t\t<img loading=\"lazy\" decoding=\"async\" width=\"709\" height=\"282\" src=\"https:\/\/mauhe.com\/wp-content\/uploads\/2025\/12\/BANNER_709X282.jpg\" class=\"attachment-large size-large wp-image-41894\" alt=\"\" srcset=\"https:\/\/mauhe.com\/wp-content\/uploads\/2025\/12\/BANNER_709X282.jpg 709w, https:\/\/mauhe.com\/wp-content\/uploads\/2025\/12\/BANNER_709X282-300x119.jpg 300w, https:\/\/mauhe.com\/wp-content\/uploads\/2025\/12\/BANNER_709X282-18x7.jpg 18w, https:\/\/mauhe.com\/wp-content\/uploads\/2025\/12\/BANNER_709X282-600x239.jpg 600w\" sizes=\"(max-width: 709px) 100vw, 709px\" \/>\t\t\t\t\t\t\t\t\t\t\t\t\t\t\t<\/div>\n\t\t\t\t<\/div>\n\t\t\t\t\t<\/div>\n\t\t<\/div>\n\t\t\t\t\t<\/div>\n\t\t<\/section>\n\t\t\t\t\t<\/div>\n\t\t<\/div>\n\t\t\t\t\t<\/div>\n\t\t<\/section>\n\t\t\t\t<\/div>","protected":false},"excerpt":{"rendered":"<p>En Mauh\u00e9 encontrar\u00e1s productos para que cada bebida puede ser una experiencia memorable. Desde hace m\u00e1s de una d\u00e9cada, ofrecemos bases y mezclas que combinan practicidad, sabor y calidad para negocios del sector gastron\u00f3mico, cafeter\u00edas y marcas privadas. Nuestra atenci\u00f3n cercana, ayuda a que cada cliente encuentre en nosotros un aliado estrat\u00e9gico y no solo [&hellip;]<\/p>","protected":false},"author":6379,"featured_media":0,"parent":0,"menu_order":0,"comment_status":"closed","ping_status":"closed","template":"elementor_header_footer","meta":{"footnotes":""},"class_list":["post-43","page","type-page","status-publish","hentry"],"yoast_head":"<!-- This site is optimized with the Yoast SEO plugin v26.5 - https:\/\/yoast.com\/wordpress\/plugins\/seo\/ -->\n<title>Qui\u00e9nes somos | Mauh\u00e9<\/title>\n<meta name=\"robots\" content=\"index, follow, max-snippet:-1, max-image-preview:large, max-video-preview:-1\" \/>\n<link rel=\"canonical\" href=\"https:\/\/mauhe.com\/en\/quienes-somos\/\" \/>\n<meta property=\"og:locale\" content=\"en_US\" \/>\n<meta property=\"og:type\" content=\"article\" \/>\n<meta property=\"og:title\" content=\"Qui\u00e9nes somos | Mauh\u00e9\" \/>\n<meta property=\"og:description\" content=\"En Mauh\u00e9 encontrar\u00e1s productos para que cada bebida puede ser una experiencia memorable. Desde hace m\u00e1s de una d\u00e9cada, ofrecemos bases y mezclas que combinan practicidad, sabor y calidad para negocios del sector gastron\u00f3mico, cafeter\u00edas y marcas privadas. Nuestra atenci\u00f3n cercana, ayuda a que cada cliente encuentre en nosotros un aliado estrat\u00e9gico y no solo [&hellip;]\" \/>\n<meta property=\"og:url\" content=\"https:\/\/mauhe.com\/en\/quienes-somos\/\" \/>\n<meta property=\"og:site_name\" content=\"Mauh\u00e9\" \/>\n<meta property=\"article:modified_time\" content=\"2025-12-03T20:12:47+00:00\" \/>\n<meta property=\"og:image\" content=\"https:\/\/mauhe.com\/wp-content\/uploads\/2025\/12\/ALI_MAUHE_TITULO_QUIENES_SOMOS_1920X500.jpg\" \/>\n\t<meta property=\"og:image:width\" content=\"1920\" \/>\n\t<meta property=\"og:image:height\" content=\"500\" \/>\n\t<meta property=\"og:image:type\" content=\"image\/jpeg\" \/>\n<meta name=\"twitter:card\" content=\"summary_large_image\" \/>\n<meta name=\"twitter:label1\" content=\"Est. reading time\" \/>\n\t<meta name=\"twitter:data1\" content=\"2 minutes\" \/>\n<script type=\"application\/ld+json\" class=\"yoast-schema-graph\">{\"@context\":\"https:\/\/schema.org\",\"@graph\":[{\"@type\":\"WebPage\",\"@id\":\"https:\/\/mauhe.com\/quienes-somos\/\",\"url\":\"https:\/\/mauhe.com\/quienes-somos\/\",\"name\":\"Qui\u00e9nes somos | Mauh\u00e9\",\"isPartOf\":{\"@id\":\"https:\/\/mauhe.com\/#website\"},\"primaryImageOfPage\":{\"@id\":\"https:\/\/mauhe.com\/quienes-somos\/#primaryimage\"},\"image\":{\"@id\":\"https:\/\/mauhe.com\/quienes-somos\/#primaryimage\"},\"thumbnailUrl\":\"https:\/\/mauhe.com\/wp-content\/uploads\/2025\/12\/ALI_MAUHE_TITULO_QUIENES_SOMOS_1920X500.jpg\",\"datePublished\":\"2017-12-17T10:06:43+00:00\",\"dateModified\":\"2025-12-03T20:12:47+00:00\",\"breadcrumb\":{\"@id\":\"https:\/\/mauhe.com\/quienes-somos\/#breadcrumb\"},\"inLanguage\":\"en-US\",\"potentialAction\":[{\"@type\":\"ReadAction\",\"target\":[\"https:\/\/mauhe.com\/quienes-somos\/\"]}]},{\"@type\":\"ImageObject\",\"inLanguage\":\"en-US\",\"@id\":\"https:\/\/mauhe.com\/quienes-somos\/#primaryimage\",\"url\":\"https:\/\/mauhe.com\/wp-content\/uploads\/2025\/12\/ALI_MAUHE_TITULO_QUIENES_SOMOS_1920X500.jpg\",\"contentUrl\":\"https:\/\/mauhe.com\/wp-content\/uploads\/2025\/12\/ALI_MAUHE_TITULO_QUIENES_SOMOS_1920X500.jpg\"},{\"@type\":\"BreadcrumbList\",\"@id\":\"https:\/\/mauhe.com\/quienes-somos\/#breadcrumb\",\"itemListElement\":[{\"@type\":\"ListItem\",\"position\":1,\"name\":\"Inicio\",\"item\":\"https:\/\/mauhe.com\/\"},{\"@type\":\"ListItem\",\"position\":2,\"name\":\"Qui\u00e9nes somos\"}]},{\"@type\":\"WebSite\",\"@id\":\"https:\/\/mauhe.com\/#website\",\"url\":\"https:\/\/mauhe.com\/\",\"name\":\"Mauh\u00e9\",\"description\":\"MauheStore\",\"publisher\":{\"@id\":\"https:\/\/mauhe.com\/#organization\"},\"potentialAction\":[{\"@type\":\"SearchAction\",\"target\":{\"@type\":\"EntryPoint\",\"urlTemplate\":\"https:\/\/mauhe.com\/?s={search_term_string}\"},\"query-input\":{\"@type\":\"PropertyValueSpecification\",\"valueRequired\":true,\"valueName\":\"search_term_string\"}}],\"inLanguage\":\"en-US\"},{\"@type\":\"Organization\",\"@id\":\"https:\/\/mauhe.com\/#organization\",\"name\":\"Mauh\u00e9\",\"url\":\"https:\/\/mauhe.com\/\",\"logo\":{\"@type\":\"ImageObject\",\"inLanguage\":\"en-US\",\"@id\":\"https:\/\/mauhe.com\/#\/schema\/logo\/image\/\",\"url\":\"http:\/\/mauhe.com\/wp-content\/uploads\/2022\/02\/logo-factura2.png\",\"contentUrl\":\"http:\/\/mauhe.com\/wp-content\/uploads\/2022\/02\/logo-factura2.png\",\"width\":652,\"height\":284,\"caption\":\"Mauh\u00e9\"},\"image\":{\"@id\":\"https:\/\/mauhe.com\/#\/schema\/logo\/image\/\"}}]}<\/script>\n<!-- \/ Yoast SEO plugin. -->","yoast_head_json":{"title":"Qui\u00e9nes somos | Mauh\u00e9","robots":{"index":"index","follow":"follow","max-snippet":"max-snippet:-1","max-image-preview":"max-image-preview:large","max-video-preview":"max-video-preview:-1"},"canonical":"https:\/\/mauhe.com\/en\/quienes-somos\/","og_locale":"en_US","og_type":"article","og_title":"Qui\u00e9nes somos | Mauh\u00e9","og_description":"En Mauh\u00e9 encontrar\u00e1s productos para que cada bebida puede ser una experiencia memorable. Desde hace m\u00e1s de una d\u00e9cada, ofrecemos bases y mezclas que combinan practicidad, sabor y calidad para negocios del sector gastron\u00f3mico, cafeter\u00edas y marcas privadas. Nuestra atenci\u00f3n cercana, ayuda a que cada cliente encuentre en nosotros un aliado estrat\u00e9gico y no solo [&hellip;]","og_url":"https:\/\/mauhe.com\/en\/quienes-somos\/","og_site_name":"Mauh\u00e9","article_modified_time":"2025-12-03T20:12:47+00:00","og_image":[{"width":1920,"height":500,"url":"https:\/\/mauhe.com\/wp-content\/uploads\/2025\/12\/ALI_MAUHE_TITULO_QUIENES_SOMOS_1920X500.jpg","type":"image\/jpeg"}],"twitter_card":"summary_large_image","twitter_misc":{"Est. reading time":"2 minutes"},"schema":{"@context":"https:\/\/schema.org","@graph":[{"@type":"WebPage","@id":"https:\/\/mauhe.com\/quienes-somos\/","url":"https:\/\/mauhe.com\/quienes-somos\/","name":"Qui\u00e9nes somos | Mauh\u00e9","isPartOf":{"@id":"https:\/\/mauhe.com\/#website"},"primaryImageOfPage":{"@id":"https:\/\/mauhe.com\/quienes-somos\/#primaryimage"},"image":{"@id":"https:\/\/mauhe.com\/quienes-somos\/#primaryimage"},"thumbnailUrl":"https:\/\/mauhe.com\/wp-content\/uploads\/2025\/12\/ALI_MAUHE_TITULO_QUIENES_SOMOS_1920X500.jpg","datePublished":"2017-12-17T10:06:43+00:00","dateModified":"2025-12-03T20:12:47+00:00","breadcrumb":{"@id":"https:\/\/mauhe.com\/quienes-somos\/#breadcrumb"},"inLanguage":"en-US","potentialAction":[{"@type":"ReadAction","target":["https:\/\/mauhe.com\/quienes-somos\/"]}]},{"@type":"ImageObject","inLanguage":"en-US","@id":"https:\/\/mauhe.com\/quienes-somos\/#primaryimage","url":"https:\/\/mauhe.com\/wp-content\/uploads\/2025\/12\/ALI_MAUHE_TITULO_QUIENES_SOMOS_1920X500.jpg","contentUrl":"https:\/\/mauhe.com\/wp-content\/uploads\/2025\/12\/ALI_MAUHE_TITULO_QUIENES_SOMOS_1920X500.jpg"},{"@type":"BreadcrumbList","@id":"https:\/\/mauhe.com\/quienes-somos\/#breadcrumb","itemListElement":[{"@type":"ListItem","position":1,"name":"Inicio","item":"https:\/\/mauhe.com\/"},{"@type":"ListItem","position":2,"name":"Qui\u00e9nes somos"}]},{"@type":"WebSite","@id":"https:\/\/mauhe.com\/#website","url":"https:\/\/mauhe.com\/","name":"Mauh\u00e9","description":"MauheStore","publisher":{"@id":"https:\/\/mauhe.com\/#organization"},"potentialAction":[{"@type":"SearchAction","target":{"@type":"EntryPoint","urlTemplate":"https:\/\/mauhe.com\/?s={search_term_string}"},"query-input":{"@type":"PropertyValueSpecification","valueRequired":true,"valueName":"search_term_string"}}],"inLanguage":"en-US"},{"@type":"Organization","@id":"https:\/\/mauhe.com\/#organization","name":"Mauh\u00e9","url":"https:\/\/mauhe.com\/","logo":{"@type":"ImageObject","inLanguage":"en-US","@id":"https:\/\/mauhe.com\/#\/schema\/logo\/image\/","url":"http:\/\/mauhe.com\/wp-content\/uploads\/2022\/02\/logo-factura2.png","contentUrl":"http:\/\/mauhe.com\/wp-content\/uploads\/2022\/02\/logo-factura2.png","width":652,"height":284,"caption":"Mauh\u00e9"},"image":{"@id":"https:\/\/mauhe.com\/#\/schema\/logo\/image\/"}}]}},"_links":{"self":[{"href":"https:\/\/mauhe.com\/en\/wp-json\/wp\/v2\/pages\/43","targetHints":{"allow":["GET"]}}],"collection":[{"href":"https:\/\/mauhe.com\/en\/wp-json\/wp\/v2\/pages"}],"about":[{"href":"https:\/\/mauhe.com\/en\/wp-json\/wp\/v2\/types\/page"}],"author":[{"embeddable":true,"href":"https:\/\/mauhe.com\/en\/wp-json\/wp\/v2\/users\/6379"}],"replies":[{"embeddable":true,"href":"https:\/\/mauhe.com\/en\/wp-json\/wp\/v2\/comments?post=43"}],"version-history":[{"count":34,"href":"https:\/\/mauhe.com\/en\/wp-json\/wp\/v2\/pages\/43\/revisions"}],"predecessor-version":[{"id":41907,"href":"https:\/\/mauhe.com\/en\/wp-json\/wp\/v2\/pages\/43\/revisions\/41907"}],"wp:attachment":[{"href":"https:\/\/mauhe.com\/en\/wp-json\/wp\/v2\/media?parent=43"}],"curies":[{"name":"wp","href":"https:\/\/api.w.org\/{rel}","templated":true}]}}