{"id":3,"date":"2021-08-06T17:06:39","date_gmt":"2021-08-06T17:06:39","guid":{"rendered":"https:\/\/www.mauhe.axiskgdesarrollos.com\/?page_id=3"},"modified":"2025-12-09T20:43:15","modified_gmt":"2025-12-10T02:43:15","slug":"aviso-de-privacidad","status":"publish","type":"page","link":"https:\/\/mauhe.com\/en\/aviso-de-privacidad\/","title":{"rendered":"Aviso de privacidad"},"content":{"rendered":"<div data-elementor-type=\"wp-page\" data-elementor-id=\"3\" class=\"elementor elementor-3\" data-elementor-post-type=\"page\">\n\t\t\t\t\t\t<section data-particle_enable=\"false\" data-particle-mobile-disabled=\"false\" class=\"elementor-section elementor-top-section elementor-element elementor-element-454a3eac elementor-section-full_width elementor-section-height-default elementor-section-height-default\" data-id=\"454a3eac\" data-element_type=\"section\">\n\t\t\t\t\t\t<div class=\"elementor-container elementor-column-gap-default\">\n\t\t\t\t\t<div class=\"elementor-column elementor-col-100 elementor-top-column elementor-element elementor-element-2a7cc04b\" data-id=\"2a7cc04b\" data-element_type=\"column\">\n\t\t\t<div class=\"elementor-widget-wrap elementor-element-populated\">\n\t\t\t\t\t\t<div class=\"elementor-element elementor-element-18993c9 elementor-widget elementor-widget-heading\" data-id=\"18993c9\" data-element_type=\"widget\" data-widget_type=\"heading.default\">\n\t\t\t\t<div class=\"elementor-widget-container\">\n\t\t\t\t\t<h4 class=\"elementor-heading-title elementor-size-default\">Tu compra es segura de principio a fin<\/h4>\t\t\t\t<\/div>\n\t\t\t\t<\/div>\n\t\t\t\t<div class=\"elementor-element elementor-element-74bea06c elementor-widget elementor-widget-text-editor\" data-id=\"74bea06c\" data-element_type=\"widget\" data-widget_type=\"text-editor.default\">\n\t\t\t\t<div class=\"elementor-widget-container\">\n\t\t\t\t\t\t\t\t\t<p>La protecci\u00f3n de sus datos personales es muy importante para<strong>\u00a0Alifoz, S.A. de C.V.<\/strong>, raz\u00f3n por la cual este AVISO DE PRIVACIDAD ha sido elaborado para dar cumplimiento a la LEY FEDERAL DE PROTECCION DE DATOS PERSONALES EN POSESION DE PARTICULARES, teniendo como fin informarle el tipo de datos personales que recabamos de usted, como los usamos, manejamos y aprovechamos, y con quien los compartimos.<\/p><p>\u00bfQu\u00e9 datos personales recabamos de usted?<br \/>Como cliente de alguno de nuestros servicios de venta, prestaci\u00f3n, importaci\u00f3n y exportaci\u00f3n, por cuenta propia o ajena de toda clase de productos y servicios, comercio electr\u00f3nico y aplicaciones comerciales y de valor agregado entre otros, le podremos solicitar informaci\u00f3n personal o de su empresa, que var\u00eda seg\u00fan el caso o proyecto, relativa a:<\/p><ul><li>Su nombre, domicilio, fecha de nacimiento,<\/li><li>Raz\u00f3n social de su representada, domicilio, objeto social,<\/li><li>Su correo electr\u00f3nico, RFC, CURP, n\u00famero telef\u00f3nico,<\/li><li>\u00a0Sus datos empresariales, tales como escritura constitutiva, cuentas bancarias, referencias comerciales, activos, estados financieros,<\/li><li>Comprobantes oficiales que acrediten su identidad y la de su representada.<\/li><\/ul><p>\u00bfPara qu\u00e9 usamos sus datos personales?<br \/>Esta empresa recaba sus datos personales y\/o los de su representada para las siguientes finalidades:<\/p><ul><li>Confirmar su identidad y la de su representada,<\/li><li>Entender y solventar sus necesidades de asesor\u00eda y servicio en materia de productos y servicios, comercio<br \/>electr\u00f3nico y aplicaciones comerciales y de valor agregado, entre otros.<\/li><li>Otorgar seguridad y certeza jur\u00eddica y financiera en relaci\u00f3n con los contratos y operaciones que celebre con nosotros, tales como contratos de compraventa de productos y desarrollos.<\/li><\/ul><p>\u00bfCon qui\u00e9n compartimos su informaci\u00f3n y para que fines?<br \/>Sus datos personales solo son obtenidos y tratados por el personal de esta empresa a efecto de elaborar los documentos que son propios de las operaciones comerciales que celebramos con usted y\/o su representada, por lo cual, sus datos personales o empresariales no se transfieren a ning\u00fan tercero ajeno a esta empresa, salvo para el cumplimiento de las obligaciones legales ante las autoridades competentes, tales como autoridades tributarias, laborales y en su caso necesario ante autoridades judiciales.<\/p><p>\u00bfC\u00f3mo puede limitar el uso o divulgaci\u00f3n de su informaci\u00f3n personal?<\/p><p>Usted puede limitar el uso y divulgaci\u00f3n de su informaci\u00f3n personal a trav\u00e9s de los siguientes medios que<br \/>tenemos a sus disposici\u00f3n:<\/p><ul><li>Presentando su solicitud escrita personalmente en nuestro domicilio, dirigida al \u00c1rea de Datos Personales de estas oficinas,<\/li><li>Enviando un correo electr\u00f3nico a la siguiente direcci\u00f3n electr\u00f3nica:\u00a0<a href=\"mailto:atencionaclientes@mauhe.com\">atencionaclientes@mauhe.com<\/a><\/li><li>Llamando gratuitamente al n\u00famero telef\u00f3nico + (52) 55 7058 4809<\/li><\/ul><p>\u00bfC\u00f3mo acceder, rectificar, cancelar u oponerse al tratamiento de sus datos personales?<br \/>El ejercicio de los derechos de acceso, rectificaci\u00f3n, cancelaci\u00f3n y oposici\u00f3n o la revocaci\u00f3n del consentimiento, podr\u00e1n efectuarse presentando solicitud por escrito en nuestro domicilio, dirigida al \u00c1rea de Datos Personales, o bien, v\u00eda correo electr\u00f3nico a\u00a0<a href=\"mailto:atencionaclientes@mauhe.com\">atencionaclientes@mauhe.com<\/a>,\u00a0o llamando gratuitamente al n\u00famero telef\u00f3nico + (52) 55 1668.5336, en el entendido de que \u00fanicamente podr\u00e1 ejercer dichos derechos respecto de los que se conserven en la base de datos de esta empresa.<\/p><p>\u00bfC\u00f3mo conocer los cambios al presente AVISO DE PRIVACIDAD?<br \/>El presente AVISO DE PRIVACIDAD puede sufrir modificaciones, cambios o actualizaciones, por lo que nos<br \/>comprometemos a mantenerlo informado por este mismo conducto.<\/p><p>\u00bfC\u00f3mo contactarnos?<br \/>Si usted tiene alguna duda sobre el presente AVISO DE PRIVACIDAD, puede dirigirla a:<br \/>La direcci\u00f3n electr\u00f3nica:\u00a0<a href=\"mailto:atencionaclientes@mauhe.com\">atencionaclientes@mauhe.com<\/a><br \/>Carta dirigida a nuestro domicilio al \u00c1rea de Datos Personales<br \/>Al n\u00famero telef\u00f3nico + (52) 55 7058 4809<\/p><p>Ponemos a su disposici\u00f3n copias del presente AVISO DE PRIVACIDAD en nuestro domicilio.<br \/>Actualizaciones del AVISO DE PRIVACIDAD<br \/>\u00daltima revisi\u00f3n: Diciembre 2025<br \/>Alifoz, S.A. DE C.V.<br \/>Domicilio: Avena 446 Bis, Col. Granjas M\u00e9xico, Iztacalco, CDMX C.P. 08400<\/p>\t\t\t\t\t\t\t\t<\/div>\n\t\t\t\t<\/div>\n\t\t\t\t\t<\/div>\n\t\t<\/div>\n\t\t\t\t\t<\/div>\n\t\t<\/section>\n\t\t\t\t<\/div>","protected":false},"excerpt":{"rendered":"<p>Tu compra es segura de principio a fin La protecci\u00f3n de sus datos personales es muy importante para\u00a0Alifoz, S.A. de C.V., raz\u00f3n por la cual este AVISO DE PRIVACIDAD ha sido elaborado para dar cumplimiento a la LEY FEDERAL DE PROTECCION DE DATOS PERSONALES EN POSESION DE PARTICULARES, teniendo como fin informarle el tipo de [&hellip;]<\/p>","protected":false},"author":6379,"featured_media":0,"parent":0,"menu_order":0,"comment_status":"closed","ping_status":"closed","template":"elementor_header_footer","meta":{"footnotes":""},"class_list":["post-3","page","type-page","status-publish","hentry"],"yoast_head":"<!-- This site is optimized with the Yoast SEO plugin v26.5 - https:\/\/yoast.com\/wordpress\/plugins\/seo\/ -->\n<title>Aviso de privacidad | Mauh\u00e9<\/title>\n<meta name=\"robots\" content=\"index, follow, max-snippet:-1, max-image-preview:large, max-video-preview:-1\" \/>\n<link rel=\"canonical\" href=\"https:\/\/mauhe.com\/en\/aviso-de-privacidad\/\" \/>\n<meta property=\"og:locale\" content=\"en_US\" \/>\n<meta property=\"og:type\" content=\"article\" \/>\n<meta property=\"og:title\" content=\"Aviso de privacidad | Mauh\u00e9\" \/>\n<meta property=\"og:description\" content=\"Tu compra es segura de principio a fin La protecci\u00f3n de sus datos personales es muy importante para\u00a0Alifoz, S.A. de C.V., raz\u00f3n por la cual este AVISO DE PRIVACIDAD ha sido elaborado para dar cumplimiento a la LEY FEDERAL DE PROTECCION DE DATOS PERSONALES EN POSESION DE PARTICULARES, teniendo como fin informarle el tipo de [&hellip;]\" \/>\n<meta property=\"og:url\" content=\"https:\/\/mauhe.com\/en\/aviso-de-privacidad\/\" \/>\n<meta property=\"og:site_name\" content=\"Mauh\u00e9\" \/>\n<meta property=\"article:modified_time\" content=\"2025-12-10T02:43:15+00:00\" \/>\n<meta name=\"twitter:card\" content=\"summary_large_image\" \/>\n<meta name=\"twitter:label1\" content=\"Est. reading time\" \/>\n\t<meta name=\"twitter:data1\" content=\"3 minutes\" \/>\n<script type=\"application\/ld+json\" class=\"yoast-schema-graph\">{\"@context\":\"https:\/\/schema.org\",\"@graph\":[{\"@type\":\"WebPage\",\"@id\":\"https:\/\/mauhe.com\/aviso-de-privacidad\/\",\"url\":\"https:\/\/mauhe.com\/aviso-de-privacidad\/\",\"name\":\"Aviso de privacidad | Mauh\u00e9\",\"isPartOf\":{\"@id\":\"https:\/\/mauhe.com\/#website\"},\"datePublished\":\"2021-08-06T17:06:39+00:00\",\"dateModified\":\"2025-12-10T02:43:15+00:00\",\"breadcrumb\":{\"@id\":\"https:\/\/mauhe.com\/aviso-de-privacidad\/#breadcrumb\"},\"inLanguage\":\"en-US\",\"potentialAction\":[{\"@type\":\"ReadAction\",\"target\":[\"https:\/\/mauhe.com\/aviso-de-privacidad\/\"]}]},{\"@type\":\"BreadcrumbList\",\"@id\":\"https:\/\/mauhe.com\/aviso-de-privacidad\/#breadcrumb\",\"itemListElement\":[{\"@type\":\"ListItem\",\"position\":1,\"name\":\"Inicio\",\"item\":\"https:\/\/mauhe.com\/\"},{\"@type\":\"ListItem\",\"position\":2,\"name\":\"Aviso de privacidad\"}]},{\"@type\":\"WebSite\",\"@id\":\"https:\/\/mauhe.com\/#website\",\"url\":\"https:\/\/mauhe.com\/\",\"name\":\"Mauh\u00e9\",\"description\":\"MauheStore\",\"publisher\":{\"@id\":\"https:\/\/mauhe.com\/#organization\"},\"potentialAction\":[{\"@type\":\"SearchAction\",\"target\":{\"@type\":\"EntryPoint\",\"urlTemplate\":\"https:\/\/mauhe.com\/?s={search_term_string}\"},\"query-input\":{\"@type\":\"PropertyValueSpecification\",\"valueRequired\":true,\"valueName\":\"search_term_string\"}}],\"inLanguage\":\"en-US\"},{\"@type\":\"Organization\",\"@id\":\"https:\/\/mauhe.com\/#organization\",\"name\":\"Mauh\u00e9\",\"url\":\"https:\/\/mauhe.com\/\",\"logo\":{\"@type\":\"ImageObject\",\"inLanguage\":\"en-US\",\"@id\":\"https:\/\/mauhe.com\/#\/schema\/logo\/image\/\",\"url\":\"http:\/\/mauhe.com\/wp-content\/uploads\/2022\/02\/logo-factura2.png\",\"contentUrl\":\"http:\/\/mauhe.com\/wp-content\/uploads\/2022\/02\/logo-factura2.png\",\"width\":652,\"height\":284,\"caption\":\"Mauh\u00e9\"},\"image\":{\"@id\":\"https:\/\/mauhe.com\/#\/schema\/logo\/image\/\"}}]}<\/script>\n<!-- \/ Yoast SEO plugin. -->","yoast_head_json":{"title":"Aviso de privacidad | Mauh\u00e9","robots":{"index":"index","follow":"follow","max-snippet":"max-snippet:-1","max-image-preview":"max-image-preview:large","max-video-preview":"max-video-preview:-1"},"canonical":"https:\/\/mauhe.com\/en\/aviso-de-privacidad\/","og_locale":"en_US","og_type":"article","og_title":"Aviso de privacidad | Mauh\u00e9","og_description":"Tu compra es segura de principio a fin La protecci\u00f3n de sus datos personales es muy importante para\u00a0Alifoz, S.A. de C.V., raz\u00f3n por la cual este AVISO DE PRIVACIDAD ha sido elaborado para dar cumplimiento a la LEY FEDERAL DE PROTECCION DE DATOS PERSONALES EN POSESION DE PARTICULARES, teniendo como fin informarle el tipo de [&hellip;]","og_url":"https:\/\/mauhe.com\/en\/aviso-de-privacidad\/","og_site_name":"Mauh\u00e9","article_modified_time":"2025-12-10T02:43:15+00:00","twitter_card":"summary_large_image","twitter_misc":{"Est. reading time":"3 minutes"},"schema":{"@context":"https:\/\/schema.org","@graph":[{"@type":"WebPage","@id":"https:\/\/mauhe.com\/aviso-de-privacidad\/","url":"https:\/\/mauhe.com\/aviso-de-privacidad\/","name":"Aviso de privacidad | Mauh\u00e9","isPartOf":{"@id":"https:\/\/mauhe.com\/#website"},"datePublished":"2021-08-06T17:06:39+00:00","dateModified":"2025-12-10T02:43:15+00:00","breadcrumb":{"@id":"https:\/\/mauhe.com\/aviso-de-privacidad\/#breadcrumb"},"inLanguage":"en-US","potentialAction":[{"@type":"ReadAction","target":["https:\/\/mauhe.com\/aviso-de-privacidad\/"]}]},{"@type":"BreadcrumbList","@id":"https:\/\/mauhe.com\/aviso-de-privacidad\/#breadcrumb","itemListElement":[{"@type":"ListItem","position":1,"name":"Inicio","item":"https:\/\/mauhe.com\/"},{"@type":"ListItem","position":2,"name":"Aviso de privacidad"}]},{"@type":"WebSite","@id":"https:\/\/mauhe.com\/#website","url":"https:\/\/mauhe.com\/","name":"Mauh\u00e9","description":"MauheStore","publisher":{"@id":"https:\/\/mauhe.com\/#organization"},"potentialAction":[{"@type":"SearchAction","target":{"@type":"EntryPoint","urlTemplate":"https:\/\/mauhe.com\/?s={search_term_string}"},"query-input":{"@type":"PropertyValueSpecification","valueRequired":true,"valueName":"search_term_string"}}],"inLanguage":"en-US"},{"@type":"Organization","@id":"https:\/\/mauhe.com\/#organization","name":"Mauh\u00e9","url":"https:\/\/mauhe.com\/","logo":{"@type":"ImageObject","inLanguage":"en-US","@id":"https:\/\/mauhe.com\/#\/schema\/logo\/image\/","url":"http:\/\/mauhe.com\/wp-content\/uploads\/2022\/02\/logo-factura2.png","contentUrl":"http:\/\/mauhe.com\/wp-content\/uploads\/2022\/02\/logo-factura2.png","width":652,"height":284,"caption":"Mauh\u00e9"},"image":{"@id":"https:\/\/mauhe.com\/#\/schema\/logo\/image\/"}}]}},"_links":{"self":[{"href":"https:\/\/mauhe.com\/en\/wp-json\/wp\/v2\/pages\/3","targetHints":{"allow":["GET"]}}],"collection":[{"href":"https:\/\/mauhe.com\/en\/wp-json\/wp\/v2\/pages"}],"about":[{"href":"https:\/\/mauhe.com\/en\/wp-json\/wp\/v2\/types\/page"}],"author":[{"embeddable":true,"href":"https:\/\/mauhe.com\/en\/wp-json\/wp\/v2\/users\/6379"}],"replies":[{"embeddable":true,"href":"https:\/\/mauhe.com\/en\/wp-json\/wp\/v2\/comments?post=3"}],"version-history":[{"count":19,"href":"https:\/\/mauhe.com\/en\/wp-json\/wp\/v2\/pages\/3\/revisions"}],"predecessor-version":[{"id":42059,"href":"https:\/\/mauhe.com\/en\/wp-json\/wp\/v2\/pages\/3\/revisions\/42059"}],"wp:attachment":[{"href":"https:\/\/mauhe.com\/en\/wp-json\/wp\/v2\/media?parent=3"}],"curies":[{"name":"wp","href":"https:\/\/api.w.org\/{rel}","templated":true}]}}