{"id":13530,"date":"2023-02-27T09:55:38","date_gmt":"2023-02-27T15:55:38","guid":{"rendered":"https:\/\/mauhe.com\/?page_id=13530"},"modified":"2023-02-27T09:59:14","modified_gmt":"2023-02-27T15:59:14","slug":"politica-de-devoluciones-y-reembolsos","status":"publish","type":"page","link":"https:\/\/mauhe.com\/en\/politica-de-devoluciones-y-reembolsos\/","title":{"rendered":"Pol\u00edtica de devoluciones y reembolsos"},"content":{"rendered":"<div data-elementor-type=\"wp-page\" data-elementor-id=\"13530\" class=\"elementor elementor-13530\" data-elementor-post-type=\"page\">\n\t\t\t\t\t\t<section data-particle_enable=\"false\" data-particle-mobile-disabled=\"false\" class=\"elementor-section elementor-top-section elementor-element elementor-element-b4551e9 elementor-section-boxed elementor-section-height-default elementor-section-height-default\" data-id=\"b4551e9\" data-element_type=\"section\">\n\t\t\t\t\t\t<div class=\"elementor-container elementor-column-gap-default\">\n\t\t\t\t\t<div class=\"elementor-column elementor-col-100 elementor-top-column elementor-element elementor-element-ec031e0\" data-id=\"ec031e0\" data-element_type=\"column\">\n\t\t\t<div class=\"elementor-widget-wrap elementor-element-populated\">\n\t\t\t\t\t\t<div class=\"elementor-element elementor-element-4b89be8 elementor-widget elementor-widget-heading\" data-id=\"4b89be8\" data-element_type=\"widget\" data-widget_type=\"heading.default\">\n\t\t\t\t<div class=\"elementor-widget-container\">\n\t\t\t\t\t<h2 class=\"elementor-heading-title elementor-size-default\">Pol\u00edtica de devoluci\u00f3n y reembolso<\/h2>\t\t\t\t<\/div>\n\t\t\t\t<\/div>\n\t\t\t\t<div class=\"elementor-element elementor-element-d874eaa elementor-widget elementor-widget-text-editor\" data-id=\"d874eaa\" data-element_type=\"widget\" data-widget_type=\"text-editor.default\">\n\t\t\t\t<div class=\"elementor-widget-container\">\n\t\t\t\t\t\t\t\t\t<ul><li>No se cuenta con devoluciones de productos entregados<\/li><\/ul><p>Solo se hacen cambios en los siguientes casos.<\/p><p>Producto interno del paquete este da\u00f1ado o alterado<\/p><p>Producto equivocado.<\/p><p>Producto en mal estado o vencido.<\/p><p>\u00a0<\/p><p>1.- El plazo para solicitor cualquier cambio de Productos ser\u00e1 __1__ d\u00eda h\u00e1bil, contados a partir de la recepci\u00f3n del pedido,\u00a0\u00a0\u00a0 debiendo enviarse un correo de aclaraci\u00f3n en forma inmediata a que haya sido recibido el Producto a: <a href=\"mailto:atencionaclientes@mauhe.com\">atencionaclientes@mauhe.com<\/a> \/ Whats App 55 7058 4809 \/ telefono 55 9066 5849<\/p><p>2.- Si se desea realizar un cambio, se deber\u00e1 enviar un email a <a href=\"mailto:atencionaclientes@mauhe.com\">atencionaclientes@mauhe.com<\/a> \u00a0indicando:<\/p><p>\u00a0<\/p><ul><li>N\u00famero de pedido.<\/li><li>Nombre completo.<\/li><li>Direcci\u00f3n de entrega.<\/li><li>Motivo de cambio.<\/li><li>Fotograf\u00eda de evidencia.<\/li><li>N\u00famero de lote. Con fotofgrafia del mismo<\/li><\/ul><p>\u00a0<\/p><p>Al recibirse la solicitud de aclaraci\u00f3n, uno de nuestros colaboradores se pondr\u00e1 en contacto para gestionar la incidencia .<\/p><ol start=\"3\"><li>El tiempo estimado para respuesta m\u00e1ximo ser\u00e1 de _7_ d\u00edas h\u00e1biles.<\/li><\/ol><p>\u00a0<\/p><ol start=\"4\"><li>Una vez que se valide el estado del Producto y las condiciones de compra, se proceder\u00e1 a<\/li><\/ol><p>realizar el cambio de producto.<\/p><p>\u00a0<\/p><ol start=\"5\"><li>En ning\u00fan caso se realizar\u00e1n reembolsos.<\/li><\/ol><p>\u00a0 \u00a0 \u00a0<\/p><ol start=\"6\"><li>En ning\u00fan caso nos hacemos responsables de los Productos devueltos o perdidos en tr\u00e1nsito de paqueteria.<\/li><\/ol><p>\u00a0<\/p><p>CONTACTO<\/p><p>Mail de contacto <a href=\"mailto:atencionaclientes@mauhe.com\">atencionaclientes@mauhe.com<\/a><\/p><p>Whats App 55 7058 4809<\/p><p>Telefono 55 9066 5849<\/p>\t\t\t\t\t\t\t\t<\/div>\n\t\t\t\t<\/div>\n\t\t\t\t\t<\/div>\n\t\t<\/div>\n\t\t\t\t\t<\/div>\n\t\t<\/section>\n\t\t\t\t<\/div>","protected":false},"excerpt":{"rendered":"<p>Pol\u00edtica de devoluci\u00f3n y reembolso No se cuenta con devoluciones de productos entregados Solo se hacen cambios en los siguientes casos. Producto interno del paquete este da\u00f1ado o alterado Producto equivocado. Producto en mal estado o vencido. \u00a0 1.- El plazo para solicitor cualquier cambio de Productos ser\u00e1 __1__ d\u00eda h\u00e1bil, contados a partir de [&hellip;]<\/p>","protected":false},"author":6371,"featured_media":0,"parent":0,"menu_order":0,"comment_status":"closed","ping_status":"closed","template":"","meta":{"footnotes":""},"class_list":["post-13530","page","type-page","status-publish","hentry"],"yoast_head":"<!-- This site is optimized with the Yoast SEO plugin v26.5 - https:\/\/yoast.com\/wordpress\/plugins\/seo\/ -->\n<title>Pol\u00edtica de devoluciones y reembolsos | Mauh\u00e9<\/title>\n<meta name=\"robots\" content=\"index, follow, max-snippet:-1, max-image-preview:large, max-video-preview:-1\" \/>\n<link rel=\"canonical\" href=\"https:\/\/mauhe.com\/en\/politica-de-devoluciones-y-reembolsos\/\" \/>\n<meta property=\"og:locale\" content=\"en_US\" \/>\n<meta property=\"og:type\" content=\"article\" \/>\n<meta property=\"og:title\" content=\"Pol\u00edtica de devoluciones y reembolsos | Mauh\u00e9\" \/>\n<meta property=\"og:description\" content=\"Pol\u00edtica de devoluci\u00f3n y reembolso No se cuenta con devoluciones de productos entregados Solo se hacen cambios en los siguientes casos. Producto interno del paquete este da\u00f1ado o alterado Producto equivocado. Producto en mal estado o vencido. \u00a0 1.- El plazo para solicitor cualquier cambio de Productos ser\u00e1 __1__ d\u00eda h\u00e1bil, contados a partir de [&hellip;]\" \/>\n<meta property=\"og:url\" content=\"https:\/\/mauhe.com\/en\/politica-de-devoluciones-y-reembolsos\/\" \/>\n<meta property=\"og:site_name\" content=\"Mauh\u00e9\" \/>\n<meta property=\"article:modified_time\" content=\"2023-02-27T15:59:14+00:00\" \/>\n<meta name=\"twitter:card\" content=\"summary_large_image\" \/>\n<meta name=\"twitter:label1\" content=\"Est. reading time\" \/>\n\t<meta name=\"twitter:data1\" content=\"1 minute\" \/>\n<script type=\"application\/ld+json\" class=\"yoast-schema-graph\">{\"@context\":\"https:\/\/schema.org\",\"@graph\":[{\"@type\":\"WebPage\",\"@id\":\"https:\/\/mauhe.com\/politica-de-devoluciones-y-reembolsos\/\",\"url\":\"https:\/\/mauhe.com\/politica-de-devoluciones-y-reembolsos\/\",\"name\":\"Pol\u00edtica de devoluciones y reembolsos | Mauh\u00e9\",\"isPartOf\":{\"@id\":\"https:\/\/mauhe.com\/#website\"},\"datePublished\":\"2023-02-27T15:55:38+00:00\",\"dateModified\":\"2023-02-27T15:59:14+00:00\",\"breadcrumb\":{\"@id\":\"https:\/\/mauhe.com\/politica-de-devoluciones-y-reembolsos\/#breadcrumb\"},\"inLanguage\":\"en-US\",\"potentialAction\":[{\"@type\":\"ReadAction\",\"target\":[\"https:\/\/mauhe.com\/politica-de-devoluciones-y-reembolsos\/\"]}]},{\"@type\":\"BreadcrumbList\",\"@id\":\"https:\/\/mauhe.com\/politica-de-devoluciones-y-reembolsos\/#breadcrumb\",\"itemListElement\":[{\"@type\":\"ListItem\",\"position\":1,\"name\":\"Inicio\",\"item\":\"https:\/\/mauhe.com\/\"},{\"@type\":\"ListItem\",\"position\":2,\"name\":\"Pol\u00edtica de devoluciones y reembolsos\"}]},{\"@type\":\"WebSite\",\"@id\":\"https:\/\/mauhe.com\/#website\",\"url\":\"https:\/\/mauhe.com\/\",\"name\":\"Mauh\u00e9\",\"description\":\"MauheStore\",\"publisher\":{\"@id\":\"https:\/\/mauhe.com\/#organization\"},\"potentialAction\":[{\"@type\":\"SearchAction\",\"target\":{\"@type\":\"EntryPoint\",\"urlTemplate\":\"https:\/\/mauhe.com\/?s={search_term_string}\"},\"query-input\":{\"@type\":\"PropertyValueSpecification\",\"valueRequired\":true,\"valueName\":\"search_term_string\"}}],\"inLanguage\":\"en-US\"},{\"@type\":\"Organization\",\"@id\":\"https:\/\/mauhe.com\/#organization\",\"name\":\"Mauh\u00e9\",\"url\":\"https:\/\/mauhe.com\/\",\"logo\":{\"@type\":\"ImageObject\",\"inLanguage\":\"en-US\",\"@id\":\"https:\/\/mauhe.com\/#\/schema\/logo\/image\/\",\"url\":\"http:\/\/mauhe.com\/wp-content\/uploads\/2022\/02\/logo-factura2.png\",\"contentUrl\":\"http:\/\/mauhe.com\/wp-content\/uploads\/2022\/02\/logo-factura2.png\",\"width\":652,\"height\":284,\"caption\":\"Mauh\u00e9\"},\"image\":{\"@id\":\"https:\/\/mauhe.com\/#\/schema\/logo\/image\/\"}}]}<\/script>\n<!-- \/ Yoast SEO plugin. -->","yoast_head_json":{"title":"Pol\u00edtica de devoluciones y reembolsos | Mauh\u00e9","robots":{"index":"index","follow":"follow","max-snippet":"max-snippet:-1","max-image-preview":"max-image-preview:large","max-video-preview":"max-video-preview:-1"},"canonical":"https:\/\/mauhe.com\/en\/politica-de-devoluciones-y-reembolsos\/","og_locale":"en_US","og_type":"article","og_title":"Pol\u00edtica de devoluciones y reembolsos | Mauh\u00e9","og_description":"Pol\u00edtica de devoluci\u00f3n y reembolso No se cuenta con devoluciones de productos entregados Solo se hacen cambios en los siguientes casos. Producto interno del paquete este da\u00f1ado o alterado Producto equivocado. Producto en mal estado o vencido. \u00a0 1.- El plazo para solicitor cualquier cambio de Productos ser\u00e1 __1__ d\u00eda h\u00e1bil, contados a partir de [&hellip;]","og_url":"https:\/\/mauhe.com\/en\/politica-de-devoluciones-y-reembolsos\/","og_site_name":"Mauh\u00e9","article_modified_time":"2023-02-27T15:59:14+00:00","twitter_card":"summary_large_image","twitter_misc":{"Est. reading time":"1 minute"},"schema":{"@context":"https:\/\/schema.org","@graph":[{"@type":"WebPage","@id":"https:\/\/mauhe.com\/politica-de-devoluciones-y-reembolsos\/","url":"https:\/\/mauhe.com\/politica-de-devoluciones-y-reembolsos\/","name":"Pol\u00edtica de devoluciones y reembolsos | Mauh\u00e9","isPartOf":{"@id":"https:\/\/mauhe.com\/#website"},"datePublished":"2023-02-27T15:55:38+00:00","dateModified":"2023-02-27T15:59:14+00:00","breadcrumb":{"@id":"https:\/\/mauhe.com\/politica-de-devoluciones-y-reembolsos\/#breadcrumb"},"inLanguage":"en-US","potentialAction":[{"@type":"ReadAction","target":["https:\/\/mauhe.com\/politica-de-devoluciones-y-reembolsos\/"]}]},{"@type":"BreadcrumbList","@id":"https:\/\/mauhe.com\/politica-de-devoluciones-y-reembolsos\/#breadcrumb","itemListElement":[{"@type":"ListItem","position":1,"name":"Inicio","item":"https:\/\/mauhe.com\/"},{"@type":"ListItem","position":2,"name":"Pol\u00edtica de devoluciones y reembolsos"}]},{"@type":"WebSite","@id":"https:\/\/mauhe.com\/#website","url":"https:\/\/mauhe.com\/","name":"Mauh\u00e9","description":"MauheStore","publisher":{"@id":"https:\/\/mauhe.com\/#organization"},"potentialAction":[{"@type":"SearchAction","target":{"@type":"EntryPoint","urlTemplate":"https:\/\/mauhe.com\/?s={search_term_string}"},"query-input":{"@type":"PropertyValueSpecification","valueRequired":true,"valueName":"search_term_string"}}],"inLanguage":"en-US"},{"@type":"Organization","@id":"https:\/\/mauhe.com\/#organization","name":"Mauh\u00e9","url":"https:\/\/mauhe.com\/","logo":{"@type":"ImageObject","inLanguage":"en-US","@id":"https:\/\/mauhe.com\/#\/schema\/logo\/image\/","url":"http:\/\/mauhe.com\/wp-content\/uploads\/2022\/02\/logo-factura2.png","contentUrl":"http:\/\/mauhe.com\/wp-content\/uploads\/2022\/02\/logo-factura2.png","width":652,"height":284,"caption":"Mauh\u00e9"},"image":{"@id":"https:\/\/mauhe.com\/#\/schema\/logo\/image\/"}}]}},"_links":{"self":[{"href":"https:\/\/mauhe.com\/en\/wp-json\/wp\/v2\/pages\/13530","targetHints":{"allow":["GET"]}}],"collection":[{"href":"https:\/\/mauhe.com\/en\/wp-json\/wp\/v2\/pages"}],"about":[{"href":"https:\/\/mauhe.com\/en\/wp-json\/wp\/v2\/types\/page"}],"author":[{"embeddable":true,"href":"https:\/\/mauhe.com\/en\/wp-json\/wp\/v2\/users\/6371"}],"replies":[{"embeddable":true,"href":"https:\/\/mauhe.com\/en\/wp-json\/wp\/v2\/comments?post=13530"}],"version-history":[{"count":5,"href":"https:\/\/mauhe.com\/en\/wp-json\/wp\/v2\/pages\/13530\/revisions"}],"predecessor-version":[{"id":13900,"href":"https:\/\/mauhe.com\/en\/wp-json\/wp\/v2\/pages\/13530\/revisions\/13900"}],"wp:attachment":[{"href":"https:\/\/mauhe.com\/en\/wp-json\/wp\/v2\/media?parent=13530"}],"curies":[{"name":"wp","href":"https:\/\/api.w.org\/{rel}","templated":true}]}}